{"id":623,"date":"2023-05-24T00:34:23","date_gmt":"2023-05-24T03:34:23","guid":{"rendered":"https:\/\/rccdf.org.br\/site\/?page_id=623"},"modified":"2023-05-24T00:34:25","modified_gmt":"2023-05-24T03:34:25","slug":"ministerio-jovem","status":"publish","type":"page","link":"https:\/\/rccdf.org.br\/site\/ministerio-jovem\/","title":{"rendered":"Minist\u00e9rio Jovem"},"content":{"rendered":"\t\t<div data-elementor-type=\"wp-page\" data-elementor-id=\"623\" class=\"elementor elementor-623\" data-elementor-post-type=\"page\">\n\t\t\t\t<div class=\"elementor-element elementor-element-538d0d25 e-con-full e-flex e-con e-parent\" data-id=\"538d0d25\" data-element_type=\"container\" data-e-type=\"container\" data-settings=\"{&quot;background_background&quot;:&quot;classic&quot;}\">\n\t\t<div class=\"elementor-element elementor-element-7042c13 e-flex e-con-boxed e-con e-parent\" data-id=\"7042c13\" data-element_type=\"container\" data-e-type=\"container\">\n\t\t\t\t\t<div class=\"e-con-inner\">\n\t\t\t\t<div class=\"elementor-element elementor-element-4635e710 elementor-widget elementor-widget-text-editor\" data-id=\"4635e710\" data-element_type=\"widget\" data-e-type=\"widget\" data-widget_type=\"text-editor.default\">\n\t\t\t\t<div class=\"elementor-widget-container\">\n\t\t\t\t\t\t\t\t\t<h1 style=\"font-family: Roboto; margin: 0px; font-size: 2em; font-weight: 600; line-height: 1.1; color: #008068; padding: 0px; text-shadow: #eeeeee 1px 1px 0px;\">Desculpe, estamos em manuten\u00e7\u00e3o!<\/h1><p style=\"font-family: 'Open Sans', sans-serif; margin: 15px 0px; color: #999999; font-size: 14px; line-height: 24px;\">Neste momento estamos trabalhando para melhorar ainda mais sua experi\u00eancia em nosso site.<\/p><p style=\"font-family: 'Open Sans', sans-serif; margin: 15px 0px; color: #999999; font-size: 14px; line-height: 24px;\"><b>Por favor, volte em algumas horas para conferir as novidades!<\/b><\/p><p><em style=\"font-family: 'Open Sans', sans-serif; color: #333333; font-size: 14px;\">Atenciosamente Renova\u00e7\u00e3o Carism\u00e1tica Cat\u00f3lica do Distrito Federal<\/em><\/p>\t\t\t\t\t\t\t\t<\/div>\n\t\t\t\t<\/div>\n\t\t\t\t\t<\/div>\n\t\t\t\t<\/div>\n\t\t\t\t<\/div>\n\t\t\t\t<\/div>\n\t\t","protected":false},"excerpt":{"rendered":"<p>Desculpe, estamos em manuten\u00e7\u00e3o! Neste momento estamos trabalhando para melhorar ainda mais sua experi\u00eancia em nosso site. Por favor, volte em algumas horas para conferir as novidades! Atenciosamente Renova\u00e7\u00e3o Carism\u00e1tica Cat\u00f3lica do Distrito Federal<\/p>\n","protected":false},"author":1,"featured_media":0,"parent":0,"menu_order":0,"comment_status":"closed","ping_status":"closed","template":"","meta":{"footnotes":""},"class_list":["post-623","page","type-page","status-publish","hentry"],"_links":{"self":[{"href":"https:\/\/rccdf.org.br\/site\/wp-json\/wp\/v2\/pages\/623","targetHints":{"allow":["GET"]}}],"collection":[{"href":"https:\/\/rccdf.org.br\/site\/wp-json\/wp\/v2\/pages"}],"about":[{"href":"https:\/\/rccdf.org.br\/site\/wp-json\/wp\/v2\/types\/page"}],"author":[{"embeddable":true,"href":"https:\/\/rccdf.org.br\/site\/wp-json\/wp\/v2\/users\/1"}],"replies":[{"embeddable":true,"href":"https:\/\/rccdf.org.br\/site\/wp-json\/wp\/v2\/comments?post=623"}],"version-history":[{"count":1,"href":"https:\/\/rccdf.org.br\/site\/wp-json\/wp\/v2\/pages\/623\/revisions"}],"predecessor-version":[{"id":624,"href":"https:\/\/rccdf.org.br\/site\/wp-json\/wp\/v2\/pages\/623\/revisions\/624"}],"wp:attachment":[{"href":"https:\/\/rccdf.org.br\/site\/wp-json\/wp\/v2\/media?parent=623"}],"curies":[{"name":"wp","href":"https:\/\/api.w.org\/{rel}","templated":true}]}}