{"id":597,"date":"2023-05-23T23:54:13","date_gmt":"2023-05-24T02:54:13","guid":{"rendered":"https:\/\/rccdf.org.br\/site\/?page_id=597"},"modified":"2023-05-24T00:09:53","modified_gmt":"2023-05-24T03:09:53","slug":"ministerio-para-criancas-e-adolescentes","status":"publish","type":"page","link":"https:\/\/rccdf.org.br\/site\/ministerio-para-criancas-e-adolescentes\/","title":{"rendered":"Minist\u00e9rio para Crian\u00e7as e Adolescentes"},"content":{"rendered":"\t\t<div data-elementor-type=\"wp-page\" data-elementor-id=\"597\" class=\"elementor elementor-597\" data-elementor-post-type=\"page\">\n\t\t\t\t<div class=\"elementor-element elementor-element-7fa1ec5 e-flex e-con-boxed e-con e-parent\" data-id=\"7fa1ec5\" data-element_type=\"container\" data-e-type=\"container\">\n\t\t\t\t\t<div class=\"e-con-inner\">\n\t\t\t\t\t<\/div>\n\t\t\t\t<\/div>\n\t\t<div class=\"elementor-element elementor-element-5845aae e-flex e-con-boxed e-con e-parent\" data-id=\"5845aae\" data-element_type=\"container\" data-e-type=\"container\">\n\t\t\t\t\t<div class=\"e-con-inner\">\n\t\t\t\t<div class=\"elementor-element elementor-element-cae23b1 e-transform elementor-widget elementor-widget-image\" data-id=\"cae23b1\" data-element_type=\"widget\" data-e-type=\"widget\" data-settings=\"{&quot;_transform_scaleX_effect&quot;:{&quot;unit&quot;:&quot;px&quot;,&quot;size&quot;:1,&quot;sizes&quot;:[]},&quot;_transform_scaleY_effect&quot;:{&quot;unit&quot;:&quot;px&quot;,&quot;size&quot;:0.90000000000000002220446049250313080847263336181640625,&quot;sizes&quot;:[]},&quot;_transform_scaleX_effect_tablet&quot;:{&quot;unit&quot;:&quot;px&quot;,&quot;size&quot;:&quot;&quot;,&quot;sizes&quot;:[]},&quot;_transform_scaleX_effect_mobile&quot;:{&quot;unit&quot;:&quot;px&quot;,&quot;size&quot;:&quot;&quot;,&quot;sizes&quot;:[]},&quot;_transform_scaleY_effect_tablet&quot;:{&quot;unit&quot;:&quot;px&quot;,&quot;size&quot;:&quot;&quot;,&quot;sizes&quot;:[]},&quot;_transform_scaleY_effect_mobile&quot;:{&quot;unit&quot;:&quot;px&quot;,&quot;size&quot;:&quot;&quot;,&quot;sizes&quot;:[]}}\" data-widget_type=\"image.default\">\n\t\t\t\t<div class=\"elementor-widget-container\">\n\t\t\t\t\t\t\t\t\t\t\t\t\t\t\t<img fetchpriority=\"high\" decoding=\"async\" width=\"1140\" height=\"400\" src=\"https:\/\/rccdf.org.br\/site\/wp-content\/uploads\/2023\/05\/Banners-MCA.png\" class=\"attachment-full size-full wp-image-599\" alt=\"\" srcset=\"https:\/\/rccdf.org.br\/site\/wp-content\/uploads\/2023\/05\/Banners-MCA.png 1140w, https:\/\/rccdf.org.br\/site\/wp-content\/uploads\/2023\/05\/Banners-MCA-600x211.png 600w, https:\/\/rccdf.org.br\/site\/wp-content\/uploads\/2023\/05\/Banners-MCA-300x105.png 300w, https:\/\/rccdf.org.br\/site\/wp-content\/uploads\/2023\/05\/Banners-MCA-1024x359.png 1024w, https:\/\/rccdf.org.br\/site\/wp-content\/uploads\/2023\/05\/Banners-MCA-768x269.png 768w\" sizes=\"(max-width: 1140px) 100vw, 1140px\" \/>\t\t\t\t\t\t\t\t\t\t\t\t\t\t\t<\/div>\n\t\t\t\t<\/div>\n\t\t\t\t\t<\/div>\n\t\t\t\t<\/div>\n\t\t<div class=\"elementor-element elementor-element-1506392 e-flex e-con-boxed e-con e-parent\" data-id=\"1506392\" data-element_type=\"container\" data-e-type=\"container\">\n\t\t\t\t\t<div class=\"e-con-inner\">\n\t\t\t\t<div class=\"elementor-element elementor-element-782d6a4 elementor-widget elementor-widget-text-editor\" data-id=\"782d6a4\" data-element_type=\"widget\" data-e-type=\"widget\" data-widget_type=\"text-editor.default\">\n\t\t\t\t<div class=\"elementor-widget-container\">\n\t\t\t\t\t\t\t\t\t<p>O <b>Minist\u00e9rio para Crian\u00e7as e Adolescentes<\/b> da Renova\u00e7\u00e3o Carism\u00e1tica Cat\u00f3lica de Bras\u00edlia se prop\u00f5e a colocar em pr\u00e1tica a Palavra de Jesus no Evangelho de Lucas no Cap\u00edtulo 18: \u201cDeixai vir a mim as criancinhas e n\u00e3o as impe\u00e7ais, porque o Reino de Deus \u00e9 daqueles que se parecem com elas.\u201d A inf\u00e2ncia e a adolesc\u00eancia s\u00e3o uns grandes per\u00edodos de forma\u00e7\u00e3o para o ser humano. \u00c9 nela que a crian\u00e7a e adolescente aprende sobre a fam\u00edlia, a vida e sobre Deus. Por isso, nada melhor que ensinar quem \u00e9 Cristo aqueles e aquelas que ser\u00e3o os futuros cidad\u00e3os cat\u00f3licos do Brasil.<br \/><span style=\"color: var( --e-global-color-text );\"><br \/>No DF, o minist\u00e9rio busca atender o chamado para a constru\u00e7\u00e3o da evangeliza\u00e7\u00e3o para eles e visa leva-los a conhecer Deus, atrav\u00e9s de ora\u00e7\u00f5es, m\u00fasicas, leitura da palavra de Deus, por meio de uma linguagem adequada a idade. O principal objetivo do minist\u00e9rio \u00e9 mostrar que Jesus est\u00e1 vivo e acompanha seus filhos em todos os momentos e que confiando em Deus a vida fica melhor.<br \/><\/span><span style=\"color: var( --e-global-color-text );\"><br \/>Os grandes desafios do minist\u00e9rio s\u00e3o auxiliar os pais durante os grupos de ora\u00e7\u00e3o e evangelizar as crian\u00e7as e adolescentes que passam pelas horas semanais nas reuni\u00f5es de ora\u00e7\u00e3o. Pais e filhos recebendo o an\u00fancio do Evangelho: sonho de Deus para uma sociedade melhor.<br \/><\/span><span style=\"color: var( --e-global-color-text );\"><br \/>Durante os grandes eventos da Renova\u00e7\u00e3o na capital, este minist\u00e9rio tem a obriga\u00e7\u00e3o especial de evangelizar milhares de crian\u00e7as e adolescentes que ficam durante todo o dia sendo evangelizadas pelos servos que se tornam \u201ctias\u201d e \u201ctios\u201d e que mostram como a crian\u00e7a e os adolescentes devem se comportar durante a Missa e nos demais momentos de ora\u00e7\u00e3o.<br \/><\/span><span style=\"color: var( --e-global-color-text );\"><br \/>Quem deseja se tornar um \u201ctio\u201d ou \u201ctia\u201d precisa ter a responsabilidade para evangelizar os pequenos e a disponibilidade de receber o carinho de muitos toda semana nos grupos de ora\u00e7\u00e3o. Para participar, \u00e9 s\u00f3 procurar a coordenadora do grupo do setor ou a coordenadora Luciana Pereira no escrit\u00f3rio da RCC-DF.<\/span><\/p>\t\t\t\t\t\t\t\t<\/div>\n\t\t\t\t<\/div>\n\t\t\t\t\t<\/div>\n\t\t\t\t<\/div>\n\t\t\t\t<\/div>\n\t\t","protected":false},"excerpt":{"rendered":"<p>O Minist\u00e9rio para Crian\u00e7as e Adolescentes da Renova\u00e7\u00e3o Carism\u00e1tica Cat\u00f3lica de Bras\u00edlia se prop\u00f5e a colocar em pr\u00e1tica a Palavra de Jesus no Evangelho de Lucas no Cap\u00edtulo 18: \u201cDeixai vir a mim as criancinhas e n\u00e3o as impe\u00e7ais, porque o Reino de Deus \u00e9 daqueles que se parecem com elas.\u201d A inf\u00e2ncia e a [&hellip;]<\/p>\n","protected":false},"author":1,"featured_media":0,"parent":0,"menu_order":0,"comment_status":"closed","ping_status":"closed","template":"elementor_header_footer","meta":{"footnotes":""},"class_list":["post-597","page","type-page","status-publish","hentry"],"_links":{"self":[{"href":"https:\/\/rccdf.org.br\/site\/wp-json\/wp\/v2\/pages\/597","targetHints":{"allow":["GET"]}}],"collection":[{"href":"https:\/\/rccdf.org.br\/site\/wp-json\/wp\/v2\/pages"}],"about":[{"href":"https:\/\/rccdf.org.br\/site\/wp-json\/wp\/v2\/types\/page"}],"author":[{"embeddable":true,"href":"https:\/\/rccdf.org.br\/site\/wp-json\/wp\/v2\/users\/1"}],"replies":[{"embeddable":true,"href":"https:\/\/rccdf.org.br\/site\/wp-json\/wp\/v2\/comments?post=597"}],"version-history":[{"count":7,"href":"https:\/\/rccdf.org.br\/site\/wp-json\/wp\/v2\/pages\/597\/revisions"}],"predecessor-version":[{"id":605,"href":"https:\/\/rccdf.org.br\/site\/wp-json\/wp\/v2\/pages\/597\/revisions\/605"}],"wp:attachment":[{"href":"https:\/\/rccdf.org.br\/site\/wp-json\/wp\/v2\/media?parent=597"}],"curies":[{"name":"wp","href":"https:\/\/api.w.org\/{rel}","templated":true}]}}