{"id":581,"date":"2023-05-23T23:27:15","date_gmt":"2023-05-24T02:27:15","guid":{"rendered":"https:\/\/rccdf.org.br\/site\/?page_id=581"},"modified":"2023-05-23T23:53:24","modified_gmt":"2023-05-24T02:53:24","slug":"ministerio-de-oracao-por-cura-e-libertacao","status":"publish","type":"page","link":"https:\/\/rccdf.org.br\/site\/ministerio-de-oracao-por-cura-e-libertacao\/","title":{"rendered":"Minist\u00e9rio de Ora\u00e7\u00e3o por Cura e Liberta\u00e7\u00e3o"},"content":{"rendered":"\t\t<div data-elementor-type=\"wp-page\" data-elementor-id=\"581\" class=\"elementor elementor-581\" data-elementor-post-type=\"page\">\n\t\t\t\t<div class=\"elementor-element elementor-element-7fa1ec5 e-flex e-con-boxed e-con e-parent\" data-id=\"7fa1ec5\" data-element_type=\"container\" data-e-type=\"container\">\n\t\t\t\t\t<div class=\"e-con-inner\">\n\t\t\t\t\t<\/div>\n\t\t\t\t<\/div>\n\t\t<div class=\"elementor-element elementor-element-5845aae e-flex e-con-boxed e-con e-parent\" data-id=\"5845aae\" data-element_type=\"container\" data-e-type=\"container\">\n\t\t\t\t\t<div class=\"e-con-inner\">\n\t\t\t\t<div class=\"elementor-element elementor-element-cae23b1 e-transform elementor-widget elementor-widget-image\" data-id=\"cae23b1\" data-element_type=\"widget\" data-e-type=\"widget\" data-settings=\"{&quot;_transform_scaleX_effect&quot;:{&quot;unit&quot;:&quot;px&quot;,&quot;size&quot;:1,&quot;sizes&quot;:[]},&quot;_transform_scaleY_effect&quot;:{&quot;unit&quot;:&quot;px&quot;,&quot;size&quot;:0.90000000000000002220446049250313080847263336181640625,&quot;sizes&quot;:[]},&quot;_transform_scaleX_effect_tablet&quot;:{&quot;unit&quot;:&quot;px&quot;,&quot;size&quot;:&quot;&quot;,&quot;sizes&quot;:[]},&quot;_transform_scaleX_effect_mobile&quot;:{&quot;unit&quot;:&quot;px&quot;,&quot;size&quot;:&quot;&quot;,&quot;sizes&quot;:[]},&quot;_transform_scaleY_effect_tablet&quot;:{&quot;unit&quot;:&quot;px&quot;,&quot;size&quot;:&quot;&quot;,&quot;sizes&quot;:[]},&quot;_transform_scaleY_effect_mobile&quot;:{&quot;unit&quot;:&quot;px&quot;,&quot;size&quot;:&quot;&quot;,&quot;sizes&quot;:[]}}\" data-widget_type=\"image.default\">\n\t\t\t\t<div class=\"elementor-widget-container\">\n\t\t\t\t\t\t\t\t\t\t\t\t\t\t\t<img fetchpriority=\"high\" decoding=\"async\" width=\"1140\" height=\"400\" src=\"https:\/\/rccdf.org.br\/site\/wp-content\/uploads\/2023\/05\/banner_curaelibertacao.png\" class=\"attachment-full size-full wp-image-584\" alt=\"\" srcset=\"https:\/\/rccdf.org.br\/site\/wp-content\/uploads\/2023\/05\/banner_curaelibertacao.png 1140w, https:\/\/rccdf.org.br\/site\/wp-content\/uploads\/2023\/05\/banner_curaelibertacao-600x211.png 600w, https:\/\/rccdf.org.br\/site\/wp-content\/uploads\/2023\/05\/banner_curaelibertacao-300x105.png 300w, https:\/\/rccdf.org.br\/site\/wp-content\/uploads\/2023\/05\/banner_curaelibertacao-1024x359.png 1024w, https:\/\/rccdf.org.br\/site\/wp-content\/uploads\/2023\/05\/banner_curaelibertacao-768x269.png 768w\" sizes=\"(max-width: 1140px) 100vw, 1140px\" \/>\t\t\t\t\t\t\t\t\t\t\t\t\t\t\t<\/div>\n\t\t\t\t<\/div>\n\t\t\t\t\t<\/div>\n\t\t\t\t<\/div>\n\t\t<div class=\"elementor-element elementor-element-1506392 e-flex e-con-boxed e-con e-parent\" data-id=\"1506392\" data-element_type=\"container\" data-e-type=\"container\">\n\t\t\t\t\t<div class=\"e-con-inner\">\n\t\t\t\t<div class=\"elementor-element elementor-element-782d6a4 elementor-widget elementor-widget-text-editor\" data-id=\"782d6a4\" data-element_type=\"widget\" data-e-type=\"widget\" data-widget_type=\"text-editor.default\">\n\t\t\t\t<div class=\"elementor-widget-container\">\n\t\t\t\t\t\t\t\t\t<p>O <b>Minist\u00e9rio de Ora\u00e7\u00e3o por Cura e Liberta\u00e7\u00e3o<\/b> \u00e9 o servi\u00e7o prestado no grupo de ora\u00e7\u00e3o, orientando seus participantes a buscar a cura e a liberta\u00e7\u00e3o para si e para os seus, em Jesus, atrav\u00e9s da ora\u00e7\u00e3o dos irm\u00e3os. O objetivo deste minist\u00e9rio \u00e9 reacender a chama da f\u00e9 no cora\u00e7\u00e3o de todos, Jesus \u00e9 o ontem, o hoje e sempre estar\u00e1 realizando seus milagres e derramando suas gra\u00e7as em cada um. Deus concede a seus filhos vida em plenitude em Jesus Cristo pelo poder de seu Esp\u00edrito Santo.<\/p><p><b>O que faz?<\/b><br \/><span style=\"color: var( --e-global-color-text );\">Os servos do Minist\u00e9rio de Ora\u00e7\u00e3o por Cura e Liberta\u00e7\u00e3o, em seus Grupos de Ora\u00e7\u00e3o e nos locais pr\u00f3prios de atendimento aos irm\u00e3os, t\u00eam como fun\u00e7\u00e3o:<br \/><\/span><span style=\"color: var( --e-global-color-text );\">Acolher: todos aqueles que vieram em busca de intercess\u00e3o e orienta\u00e7\u00e3o para seus problemas pessoais e\/ou dificuldades familiares, etc.;<br \/><\/span><span style=\"color: var( --e-global-color-text );\">Ouvir: com aten\u00e7\u00e3o e zelo, aquilo que vierem partilhar de suas vidas e de suas necessidades;<br \/><\/span><span style=\"color: var( --e-global-color-text );\">Orar: por cada um que assim o deseje, e sob a inspira\u00e7\u00e3o dos Carismas de Revela\u00e7\u00e3o; a Palavra de Ci\u00eancia e o Discernimento dos Esp\u00edritos, procurando ajud\u00e1-los.<\/span><\/p><p>Al\u00e9m dos carismas da Palavra; Ora\u00e7\u00e3o e C\u00e2ntico em L\u00ednguas e Palavra de Profecia; e principalmente com a autoridade dos Carismas de Poder: F\u00e9, Cura e Opera\u00e7\u00e3o de Milagres.<br \/><span style=\"color: var( --e-global-color-text );\"><br \/>Aconselhar: sob a inspira\u00e7\u00e3o do Carisma de Revela\u00e7\u00e3o que \u00e9 tamb\u00e9m a Palavra de Sabedoria, dando o devido aconselhamento do que eles mesmos de sua parte precisam fazer para que cheguem \u00e0 solu\u00e7\u00e3o de seus problemas e passem a viver segundo a vontade do Pai;<br \/><\/span><span style=\"color: var( --e-global-color-text );\"><br \/>Incentivar: para que cada um cres\u00e7a na gra\u00e7a de Deus, atrav\u00e9s de uma vida de ora\u00e7\u00e3o mais intensa, de uma participa\u00e7\u00e3o mais frequente aos Sacramentos, de uma ass\u00eddua escuta ao Senhor atrav\u00e9s de sua Palavra, e de uma comprometida inser\u00e7\u00e3o na vida comunit\u00e1ria e paroquial, al\u00e9m de estar participando ass\u00eddua e semanalmente de um Grupo de Ora\u00e7\u00e3o de Renova\u00e7\u00e3o Carism\u00e1tica Cat\u00f3lica.<br \/><\/span><span style=\"color: var( --e-global-color-text );\"><br \/><b>Como Implantar?<\/b><br \/><\/span><span style=\"color: var( --e-global-color-text );\">As pessoas que se sentem chamadas ao Minist\u00e9rio de Ora\u00e7\u00e3o de Cura e Liberta\u00e7\u00e3o na Renova\u00e7\u00e3o Carism\u00e1tica Cat\u00f3lica do Distrito Federal devem estar inseridas ao Grupo de Ora\u00e7\u00e3o e nunca realizarem um trabalho paralelo, ou \u00e0 parte da Equipe, ou ainda outro grupo, pois o Senhor nos deseja ver caminhando em unidade.<br \/><\/span><span style=\"color: var( --e-global-color-text );\"><br \/>As pessoas \u201cassistidas\u201d, \u201cacompanhadas\u201d pelo Minist\u00e9rio, tamb\u00e9m devem ser encaminhadas para participarem de Grupo de Ora\u00e7\u00e3o, deve ser catequizadas e devem ser orientadas para que participem da vida da Igreja, se engajem nas diversas atividades do Grupo de Ora\u00e7\u00e3o, ou paroquiais ou da Comunidade.<\/span><\/p>\t\t\t\t\t\t\t\t<\/div>\n\t\t\t\t<\/div>\n\t\t\t\t\t<\/div>\n\t\t\t\t<\/div>\n\t\t\t\t<\/div>\n\t\t","protected":false},"excerpt":{"rendered":"<p>O Minist\u00e9rio de Ora\u00e7\u00e3o por Cura e Liberta\u00e7\u00e3o \u00e9 o servi\u00e7o prestado no grupo de ora\u00e7\u00e3o, orientando seus participantes a buscar a cura e a liberta\u00e7\u00e3o para si e para os seus, em Jesus, atrav\u00e9s da ora\u00e7\u00e3o dos irm\u00e3os. O objetivo deste minist\u00e9rio \u00e9 reacender a chama da f\u00e9 no cora\u00e7\u00e3o de todos, Jesus \u00e9 [&hellip;]<\/p>\n","protected":false},"author":1,"featured_media":0,"parent":0,"menu_order":0,"comment_status":"closed","ping_status":"closed","template":"elementor_header_footer","meta":{"footnotes":""},"class_list":["post-581","page","type-page","status-publish","hentry"],"_links":{"self":[{"href":"https:\/\/rccdf.org.br\/site\/wp-json\/wp\/v2\/pages\/581","targetHints":{"allow":["GET"]}}],"collection":[{"href":"https:\/\/rccdf.org.br\/site\/wp-json\/wp\/v2\/pages"}],"about":[{"href":"https:\/\/rccdf.org.br\/site\/wp-json\/wp\/v2\/types\/page"}],"author":[{"embeddable":true,"href":"https:\/\/rccdf.org.br\/site\/wp-json\/wp\/v2\/users\/1"}],"replies":[{"embeddable":true,"href":"https:\/\/rccdf.org.br\/site\/wp-json\/wp\/v2\/comments?post=581"}],"version-history":[{"count":13,"href":"https:\/\/rccdf.org.br\/site\/wp-json\/wp\/v2\/pages\/581\/revisions"}],"predecessor-version":[{"id":596,"href":"https:\/\/rccdf.org.br\/site\/wp-json\/wp\/v2\/pages\/581\/revisions\/596"}],"wp:attachment":[{"href":"https:\/\/rccdf.org.br\/site\/wp-json\/wp\/v2\/media?parent=581"}],"curies":[{"name":"wp","href":"https:\/\/api.w.org\/{rel}","templated":true}]}}