{"id":574,"date":"2023-05-23T23:03:42","date_gmt":"2023-05-24T02:03:42","guid":{"rendered":"https:\/\/rccdf.org.br\/site\/?page_id=574"},"modified":"2023-05-23T23:07:07","modified_gmt":"2023-05-24T02:07:07","slug":"ministerio-de-intercessao","status":"publish","type":"page","link":"https:\/\/rccdf.org.br\/site\/ministerio-de-intercessao\/","title":{"rendered":"Minist\u00e9rio de Intercess\u00e3o"},"content":{"rendered":"\t\t<div data-elementor-type=\"wp-page\" data-elementor-id=\"574\" class=\"elementor elementor-574\" data-elementor-post-type=\"page\">\n\t\t\t\t<div class=\"elementor-element elementor-element-7fa1ec5 e-flex e-con-boxed e-con e-parent\" data-id=\"7fa1ec5\" data-element_type=\"container\" data-e-type=\"container\">\n\t\t\t\t\t<div class=\"e-con-inner\">\n\t\t\t\t\t<\/div>\n\t\t\t\t<\/div>\n\t\t<div class=\"elementor-element elementor-element-5845aae e-flex e-con-boxed e-con e-parent\" data-id=\"5845aae\" data-element_type=\"container\" data-e-type=\"container\">\n\t\t\t\t\t<div class=\"e-con-inner\">\n\t\t\t\t<div class=\"elementor-element elementor-element-cae23b1 e-transform elementor-widget elementor-widget-image\" data-id=\"cae23b1\" data-element_type=\"widget\" data-e-type=\"widget\" data-settings=\"{&quot;_transform_scaleX_effect&quot;:{&quot;unit&quot;:&quot;px&quot;,&quot;size&quot;:1,&quot;sizes&quot;:[]},&quot;_transform_scaleY_effect&quot;:{&quot;unit&quot;:&quot;px&quot;,&quot;size&quot;:0.90000000000000002220446049250313080847263336181640625,&quot;sizes&quot;:[]},&quot;_transform_scaleX_effect_tablet&quot;:{&quot;unit&quot;:&quot;px&quot;,&quot;size&quot;:&quot;&quot;,&quot;sizes&quot;:[]},&quot;_transform_scaleX_effect_mobile&quot;:{&quot;unit&quot;:&quot;px&quot;,&quot;size&quot;:&quot;&quot;,&quot;sizes&quot;:[]},&quot;_transform_scaleY_effect_tablet&quot;:{&quot;unit&quot;:&quot;px&quot;,&quot;size&quot;:&quot;&quot;,&quot;sizes&quot;:[]},&quot;_transform_scaleY_effect_mobile&quot;:{&quot;unit&quot;:&quot;px&quot;,&quot;size&quot;:&quot;&quot;,&quot;sizes&quot;:[]}}\" data-widget_type=\"image.default\">\n\t\t\t\t<div class=\"elementor-widget-container\">\n\t\t\t\t\t\t\t\t\t\t\t\t\t\t\t<img fetchpriority=\"high\" decoding=\"async\" width=\"1140\" height=\"400\" src=\"https:\/\/rccdf.org.br\/site\/wp-content\/uploads\/2023\/05\/Banners-intercessao.png\" class=\"attachment-full size-full wp-image-577\" alt=\"\" srcset=\"https:\/\/rccdf.org.br\/site\/wp-content\/uploads\/2023\/05\/Banners-intercessao.png 1140w, https:\/\/rccdf.org.br\/site\/wp-content\/uploads\/2023\/05\/Banners-intercessao-600x211.png 600w, https:\/\/rccdf.org.br\/site\/wp-content\/uploads\/2023\/05\/Banners-intercessao-300x105.png 300w, https:\/\/rccdf.org.br\/site\/wp-content\/uploads\/2023\/05\/Banners-intercessao-1024x359.png 1024w, https:\/\/rccdf.org.br\/site\/wp-content\/uploads\/2023\/05\/Banners-intercessao-768x269.png 768w\" sizes=\"(max-width: 1140px) 100vw, 1140px\" \/>\t\t\t\t\t\t\t\t\t\t\t\t\t\t\t<\/div>\n\t\t\t\t<\/div>\n\t\t\t\t\t<\/div>\n\t\t\t\t<\/div>\n\t\t<div class=\"elementor-element elementor-element-1506392 e-flex e-con-boxed e-con e-parent\" data-id=\"1506392\" data-element_type=\"container\" data-e-type=\"container\">\n\t\t\t\t\t<div class=\"e-con-inner\">\n\t\t\t\t<div class=\"elementor-element elementor-element-782d6a4 elementor-widget elementor-widget-text-editor\" data-id=\"782d6a4\" data-element_type=\"widget\" data-e-type=\"widget\" data-widget_type=\"text-editor.default\">\n\t\t\t\t<div class=\"elementor-widget-container\">\n\t\t\t\t\t\t\t\t\t<p>Como o Catecismo e a Tradi\u00e7\u00e3o da Igreja Cat\u00f3lica ensina, quando uma pessoa \u00e9 batizada, ela se torna sacerdote, profeta e rei pela gra\u00e7a de se tornar filho adotivo de Deus e ungido pelo Esp\u00edrito Santo, assim como Jesus Cristo foi, \u00e9 e sempre ser\u00e1. Pela un\u00e7\u00e3o do Esp\u00edrito, o cat\u00f3lico se torna apto e respons\u00e1vel a rezar pelos familiares, amigos e, por caridade, at\u00e9 mesmo, pelos desconhecidos.<br \/><br \/>O Catecismo da Igreja Cat\u00f3lica, no par\u00e1grafo 2634, ensina que a intercess\u00e3o \u00e9 uma ora\u00e7\u00e3o de pedido que nos conforma perfeitamente com a ora\u00e7\u00e3o de Jesus. \u201cEle \u00e9 o \u00fanico Intercessor junto ao Pai em favor de todos os homens\u2026\u201d. O texto ainda afirma que \u201cna intercess\u00e3o, aquele que ora n\u00e3o procura por seus pr\u00f3prios interesses, mas pensa, sobretudo nos dos outros, e reza por aqueles que lhe fazem mal\u201d.<br \/><br \/>\u00c9 desta forma que o minist\u00e9rio de Intercess\u00e3o da Renova\u00e7\u00e3o Carism\u00e1tica Cat\u00f3lica trabalha no Distrito Federal: na busca de ouvir a Deus e pedir o aux\u00edlio divino para a vida de todos que participam do movimento ou v\u00e3o aos grupos de ora\u00e7\u00e3o, sempre contanto com a ajuda mais que especial de Nossa Senhora \u2013 a grande intercessora. Patr\u00edcia de Ara\u00fajo \u00e9 a atual coordenadora do minist\u00e9rio no DF e tem a miss\u00e3o de implantar o importante servi\u00e7o em todos os grupos de ora\u00e7\u00e3o das cidades da capital.<br \/><br \/>A intercess\u00e3o, que quer dizer a\u00e7\u00e3o de \u201cp\u00f4r-se entre\u201d, \u00e9 necess\u00e1ria em todas as reuni\u00f5es de ora\u00e7\u00e3o, pois para a Palavra do Senhor fecundar os cora\u00e7\u00f5es, o \u201cterreno\u201d deve ser preparado por meio da s\u00faplica constante.<br \/><br \/>Para entrar no minist\u00e9rio, \u00e9 necess\u00e1rio disposi\u00e7\u00e3o para rezar pelas necessidades dos outros sendo aquela ou aquela que se p\u00f5e entre a dificuldade alheia e Deus. Quem se sentir chamado, converse com o coordenador do Grupo de Ora\u00e7\u00e3o local e procure a coordenadora do minist\u00e9rio do DF para fazer os cursos de forma\u00e7\u00e3o e participar da Rede de Intercess\u00e3o Nacional.<\/p>\t\t\t\t\t\t\t\t<\/div>\n\t\t\t\t<\/div>\n\t\t\t\t\t<\/div>\n\t\t\t\t<\/div>\n\t\t\t\t<\/div>\n\t\t","protected":false},"excerpt":{"rendered":"<p>Como o Catecismo e a Tradi\u00e7\u00e3o da Igreja Cat\u00f3lica ensina, quando uma pessoa \u00e9 batizada, ela se torna sacerdote, profeta e rei pela gra\u00e7a de se tornar filho adotivo de Deus e ungido pelo Esp\u00edrito Santo, assim como Jesus Cristo foi, \u00e9 e sempre ser\u00e1. Pela un\u00e7\u00e3o do Esp\u00edrito, o cat\u00f3lico se torna apto e [&hellip;]<\/p>\n","protected":false},"author":1,"featured_media":0,"parent":0,"menu_order":0,"comment_status":"closed","ping_status":"closed","template":"elementor_header_footer","meta":{"footnotes":""},"class_list":["post-574","page","type-page","status-publish","hentry"],"_links":{"self":[{"href":"https:\/\/rccdf.org.br\/site\/wp-json\/wp\/v2\/pages\/574","targetHints":{"allow":["GET"]}}],"collection":[{"href":"https:\/\/rccdf.org.br\/site\/wp-json\/wp\/v2\/pages"}],"about":[{"href":"https:\/\/rccdf.org.br\/site\/wp-json\/wp\/v2\/types\/page"}],"author":[{"embeddable":true,"href":"https:\/\/rccdf.org.br\/site\/wp-json\/wp\/v2\/users\/1"}],"replies":[{"embeddable":true,"href":"https:\/\/rccdf.org.br\/site\/wp-json\/wp\/v2\/comments?post=574"}],"version-history":[{"count":5,"href":"https:\/\/rccdf.org.br\/site\/wp-json\/wp\/v2\/pages\/574\/revisions"}],"predecessor-version":[{"id":580,"href":"https:\/\/rccdf.org.br\/site\/wp-json\/wp\/v2\/pages\/574\/revisions\/580"}],"wp:attachment":[{"href":"https:\/\/rccdf.org.br\/site\/wp-json\/wp\/v2\/media?parent=574"}],"curies":[{"name":"wp","href":"https:\/\/api.w.org\/{rel}","templated":true}]}}