{"id":565,"date":"2023-05-23T22:28:30","date_gmt":"2023-05-24T01:28:30","guid":{"rendered":"https:\/\/rccdf.org.br\/site\/?page_id=565"},"modified":"2023-05-23T22:47:48","modified_gmt":"2023-05-24T01:47:48","slug":"ministerio-de-pregacao","status":"publish","type":"page","link":"https:\/\/rccdf.org.br\/site\/ministerio-de-pregacao\/","title":{"rendered":"Minist\u00e9rio de Prega\u00e7\u00e3o"},"content":{"rendered":"\t\t<div data-elementor-type=\"wp-page\" data-elementor-id=\"565\" class=\"elementor elementor-565\" data-elementor-post-type=\"page\">\n\t\t\t\t<div class=\"elementor-element elementor-element-7fa1ec5 e-flex e-con-boxed e-con e-parent\" data-id=\"7fa1ec5\" data-element_type=\"container\" data-e-type=\"container\">\n\t\t\t\t\t<div class=\"e-con-inner\">\n\t\t\t\t\t<\/div>\n\t\t\t\t<\/div>\n\t\t<div class=\"elementor-element elementor-element-5845aae e-flex e-con-boxed e-con e-parent\" data-id=\"5845aae\" data-element_type=\"container\" data-e-type=\"container\">\n\t\t\t\t\t<div class=\"e-con-inner\">\n\t\t\t\t<div class=\"elementor-element elementor-element-cae23b1 e-transform elementor-widget elementor-widget-image\" data-id=\"cae23b1\" data-element_type=\"widget\" data-e-type=\"widget\" data-settings=\"{&quot;_transform_scaleX_effect&quot;:{&quot;unit&quot;:&quot;px&quot;,&quot;size&quot;:1,&quot;sizes&quot;:[]},&quot;_transform_scaleY_effect&quot;:{&quot;unit&quot;:&quot;px&quot;,&quot;size&quot;:0.90000000000000002220446049250313080847263336181640625,&quot;sizes&quot;:[]},&quot;_transform_scaleX_effect_tablet&quot;:{&quot;unit&quot;:&quot;px&quot;,&quot;size&quot;:&quot;&quot;,&quot;sizes&quot;:[]},&quot;_transform_scaleX_effect_mobile&quot;:{&quot;unit&quot;:&quot;px&quot;,&quot;size&quot;:&quot;&quot;,&quot;sizes&quot;:[]},&quot;_transform_scaleY_effect_tablet&quot;:{&quot;unit&quot;:&quot;px&quot;,&quot;size&quot;:&quot;&quot;,&quot;sizes&quot;:[]},&quot;_transform_scaleY_effect_mobile&quot;:{&quot;unit&quot;:&quot;px&quot;,&quot;size&quot;:&quot;&quot;,&quot;sizes&quot;:[]}}\" data-widget_type=\"image.default\">\n\t\t\t\t<div class=\"elementor-widget-container\">\n\t\t\t\t\t\t\t\t\t\t\t\t\t\t\t<img fetchpriority=\"high\" decoding=\"async\" width=\"1140\" height=\"400\" src=\"https:\/\/rccdf.org.br\/site\/wp-content\/uploads\/2023\/05\/banner_Pregacao.png\" class=\"attachment-full size-full wp-image-567\" alt=\"\" srcset=\"https:\/\/rccdf.org.br\/site\/wp-content\/uploads\/2023\/05\/banner_Pregacao.png 1140w, https:\/\/rccdf.org.br\/site\/wp-content\/uploads\/2023\/05\/banner_Pregacao-600x211.png 600w, https:\/\/rccdf.org.br\/site\/wp-content\/uploads\/2023\/05\/banner_Pregacao-300x105.png 300w, https:\/\/rccdf.org.br\/site\/wp-content\/uploads\/2023\/05\/banner_Pregacao-1024x359.png 1024w, https:\/\/rccdf.org.br\/site\/wp-content\/uploads\/2023\/05\/banner_Pregacao-768x269.png 768w\" sizes=\"(max-width: 1140px) 100vw, 1140px\" \/>\t\t\t\t\t\t\t\t\t\t\t\t\t\t\t<\/div>\n\t\t\t\t<\/div>\n\t\t\t\t\t<\/div>\n\t\t\t\t<\/div>\n\t\t<div class=\"elementor-element elementor-element-1506392 e-flex e-con-boxed e-con e-parent\" data-id=\"1506392\" data-element_type=\"container\" data-e-type=\"container\">\n\t\t\t\t\t<div class=\"e-con-inner\">\n\t\t\t\t<div class=\"elementor-element elementor-element-782d6a4 elementor-widget elementor-widget-text-editor\" data-id=\"782d6a4\" data-element_type=\"widget\" data-e-type=\"widget\" data-widget_type=\"text-editor.default\">\n\t\t\t\t<div class=\"elementor-widget-container\">\n\t\t\t\t\t\t\t\t\t<p>O termo \u201cminist\u00e9rio\u201d \u00e9 amplamente usado para designar os diversos servi\u00e7os prestados aos grupos de ora\u00e7\u00e3o nas dioceses, nos estados e a n\u00edvel nacional. Como todo minist\u00e9rio na Igreja, o da prega\u00e7\u00e3o tamb\u00e9m tem sua raiz no Batismo, que confere a todo batizado o tr\u00edplice m\u00fanus de Jesus Cristo, o m\u00fanus sacerdotal, o m\u00fanus prof\u00e9tico e o m\u00fanus real.<br \/><br \/>Assim como Jesus se ofereceu a si mesmo sobre a cruz e se oferece na celebra\u00e7\u00e3o da Eucaristia para a gl\u00f3ria do Pai e pela salva\u00e7\u00e3o da humanidade, incorporados em Cristo Jesus, os batizados unem-se a ele e ao seu sacrif\u00edcio na oferta de si mesmos e de todas as suas atividades, trabalhos, ora\u00e7\u00f5es e miss\u00e3o, assumindo, assim, o m\u00fanus sacerdotal.<br \/><br \/>A participa\u00e7\u00e3o do m\u00fanus prof\u00e9tico de Cristo se d\u00e1 pela aceita\u00e7\u00e3o, na f\u00e9, do Evangelho, pelo testemunho da vida e pela for\u00e7a da palavra, pela proclama\u00e7\u00e3o do Reino de Deus e pela den\u00fancia do mal. Ao pertencerem a Cristo Senhor e Rei do universo, os fi\u00e9is leigos participam do seu m\u00fanus real, vivem a realeza crist\u00e3, sobretudo no combate espiritual para vencerem dentro de si o reino do pecado. (Cf.Christifideles Laici, 14)<\/p><p>O Minist\u00e9rio de Prega\u00e7\u00e3o, assim como os demais minist\u00e9rios, n\u00e3o \u00e9 uma inst\u00e2ncia de governo, mas de servi\u00e7o. O servi\u00e7o prestado pelo MP no \u00e2mbito da RCC tem dois objetivos, principalmente:<br \/>\u00a0 \u00a0 \u00a01) Formar e capacitar novos pregadores para pregarem nos grupos de ora\u00e7\u00e3o, proclamando o primeiro an\u00fancio \u2013 querigma- de forma correta no que diz respeito ao conte\u00fado e \u00e0 metodologia, mas tamb\u00e9m com a un\u00e7\u00e3o do Esp\u00edrito Santo;<br \/>\u00a0 \u00a0 \u00a02) Aperfei\u00e7oar e formar constantemente os pregadores experientes, atrav\u00e9s de eventos formativos e oficinas de prega\u00e7\u00e3o.<\/p><p>Em suma, o Minist\u00e9rio de Prega\u00e7\u00e3o \u00e9 o minist\u00e9rio da RCC que presta um servi\u00e7o de assessoria atrav\u00e9s da forma\u00e7\u00e3o de pregadores. Apresentamos abaixo as atribui\u00e7\u00f5es do Minist\u00e9rio de Prega\u00e7\u00e3o em suas respectivas inst\u00e2ncias de coordena\u00e7\u00e3o:<br \/>\u00a0 \u00a0 \u00a0a) Nacional\u2013 Articular e direcionar o MP junto \u00e0s coordena\u00e7\u00f5es estaduais e orientar os pregadores do Brasil. Elaborar e compilar material de forma\u00e7\u00e3o para o minist\u00e9rio. Alimentar e atualizar constantemente o blog do Minist\u00e9rio de Prega\u00e7\u00e3o. Manter unidade com os demais minist\u00e9rios a n\u00edvel nacional e atender aos direcionamentos do Conselho Nacional;<br \/>\u00a0 \u00a0 \u00a0b) Estadual \u2013 Articular e direcionar o MP junto \u00e0s coordena\u00e7\u00f5es diocesanas do minist\u00e9rio, formar formadores de pregadores e orientar os pregadores do Estado, mantendo unidade com os direcionamentos da coordena\u00e7\u00e3o nacional do MP;<br \/>\u00a0 \u00a0 \u00a0c) Diocesano \u2013 Articular e direcionar o MP dos grupos de ora\u00e7\u00e3o, formar e orientar os pregadores da diocese, sempre em unidade com os direcionamentos das coordena\u00e7\u00f5es estadual e nacional do MP;<br \/>\u00a0 \u00a0 \u00a0d) Grupo de Ora\u00e7\u00e3o \u2013 Assegurar-se de que os pregadores do Grupo de Ora\u00e7\u00e3o recebam a forma\u00e7\u00e3o adequada, conforme orienta\u00e7\u00f5es da coordena\u00e7\u00e3o nacional do MP.<br \/><br \/>Fonte: Blog Minist\u00e9rio de Prega\u00e7\u00e3o RCC Brasil<\/p>\t\t\t\t\t\t\t\t<\/div>\n\t\t\t\t<\/div>\n\t\t\t\t\t<\/div>\n\t\t\t\t<\/div>\n\t\t\t\t<\/div>\n\t\t","protected":false},"excerpt":{"rendered":"<p>O termo \u201cminist\u00e9rio\u201d \u00e9 amplamente usado para designar os diversos servi\u00e7os prestados aos grupos de ora\u00e7\u00e3o nas dioceses, nos estados e a n\u00edvel nacional. Como todo minist\u00e9rio na Igreja, o da prega\u00e7\u00e3o tamb\u00e9m tem sua raiz no Batismo, que confere a todo batizado o tr\u00edplice m\u00fanus de Jesus Cristo, o m\u00fanus sacerdotal, o m\u00fanus prof\u00e9tico [&hellip;]<\/p>\n","protected":false},"author":1,"featured_media":0,"parent":0,"menu_order":0,"comment_status":"closed","ping_status":"closed","template":"elementor_header_footer","meta":{"footnotes":""},"class_list":["post-565","page","type-page","status-publish","hentry"],"_links":{"self":[{"href":"https:\/\/rccdf.org.br\/site\/wp-json\/wp\/v2\/pages\/565","targetHints":{"allow":["GET"]}}],"collection":[{"href":"https:\/\/rccdf.org.br\/site\/wp-json\/wp\/v2\/pages"}],"about":[{"href":"https:\/\/rccdf.org.br\/site\/wp-json\/wp\/v2\/types\/page"}],"author":[{"embeddable":true,"href":"https:\/\/rccdf.org.br\/site\/wp-json\/wp\/v2\/users\/1"}],"replies":[{"embeddable":true,"href":"https:\/\/rccdf.org.br\/site\/wp-json\/wp\/v2\/comments?post=565"}],"version-history":[{"count":7,"href":"https:\/\/rccdf.org.br\/site\/wp-json\/wp\/v2\/pages\/565\/revisions"}],"predecessor-version":[{"id":573,"href":"https:\/\/rccdf.org.br\/site\/wp-json\/wp\/v2\/pages\/565\/revisions\/573"}],"wp:attachment":[{"href":"https:\/\/rccdf.org.br\/site\/wp-json\/wp\/v2\/media?parent=565"}],"curies":[{"name":"wp","href":"https:\/\/api.w.org\/{rel}","templated":true}]}}