{"id":559,"date":"2023-05-23T22:02:56","date_gmt":"2023-05-24T01:02:56","guid":{"rendered":"https:\/\/rccdf.org.br\/site\/?page_id=559"},"modified":"2023-05-23T22:20:12","modified_gmt":"2023-05-24T01:20:12","slug":"ministerio-de-musica-e-artes","status":"publish","type":"page","link":"https:\/\/rccdf.org.br\/site\/ministerio-de-musica-e-artes\/","title":{"rendered":"Minist\u00e9rio de M\u00fasica e Artes"},"content":{"rendered":"\t\t<div data-elementor-type=\"wp-page\" data-elementor-id=\"559\" class=\"elementor elementor-559\" data-elementor-post-type=\"page\">\n\t\t\t\t<div class=\"elementor-element elementor-element-7fa1ec5 e-flex e-con-boxed e-con e-parent\" data-id=\"7fa1ec5\" data-element_type=\"container\" data-e-type=\"container\">\n\t\t\t\t\t<div class=\"e-con-inner\">\n\t\t\t\t\t<\/div>\n\t\t\t\t<\/div>\n\t\t<div class=\"elementor-element elementor-element-5845aae e-flex e-con-boxed e-con e-parent\" data-id=\"5845aae\" data-element_type=\"container\" data-e-type=\"container\">\n\t\t\t\t\t<div class=\"e-con-inner\">\n\t\t\t\t<div class=\"elementor-element elementor-element-cae23b1 e-transform elementor-widget elementor-widget-image\" data-id=\"cae23b1\" data-element_type=\"widget\" data-e-type=\"widget\" data-settings=\"{&quot;_transform_scaleX_effect&quot;:{&quot;unit&quot;:&quot;px&quot;,&quot;size&quot;:1,&quot;sizes&quot;:[]},&quot;_transform_scaleY_effect&quot;:{&quot;unit&quot;:&quot;px&quot;,&quot;size&quot;:0.90000000000000002220446049250313080847263336181640625,&quot;sizes&quot;:[]},&quot;_transform_scaleX_effect_tablet&quot;:{&quot;unit&quot;:&quot;px&quot;,&quot;size&quot;:&quot;&quot;,&quot;sizes&quot;:[]},&quot;_transform_scaleX_effect_mobile&quot;:{&quot;unit&quot;:&quot;px&quot;,&quot;size&quot;:&quot;&quot;,&quot;sizes&quot;:[]},&quot;_transform_scaleY_effect_tablet&quot;:{&quot;unit&quot;:&quot;px&quot;,&quot;size&quot;:&quot;&quot;,&quot;sizes&quot;:[]},&quot;_transform_scaleY_effect_mobile&quot;:{&quot;unit&quot;:&quot;px&quot;,&quot;size&quot;:&quot;&quot;,&quot;sizes&quot;:[]}}\" data-widget_type=\"image.default\">\n\t\t\t\t<div class=\"elementor-widget-container\">\n\t\t\t\t\t\t\t\t\t\t\t\t\t\t\t<img fetchpriority=\"high\" decoding=\"async\" width=\"1140\" height=\"400\" src=\"https:\/\/rccdf.org.br\/site\/wp-content\/uploads\/2023\/05\/banner_MMA.png\" class=\"attachment-full size-full wp-image-560\" alt=\"\" srcset=\"https:\/\/rccdf.org.br\/site\/wp-content\/uploads\/2023\/05\/banner_MMA.png 1140w, https:\/\/rccdf.org.br\/site\/wp-content\/uploads\/2023\/05\/banner_MMA-600x211.png 600w, https:\/\/rccdf.org.br\/site\/wp-content\/uploads\/2023\/05\/banner_MMA-300x105.png 300w, https:\/\/rccdf.org.br\/site\/wp-content\/uploads\/2023\/05\/banner_MMA-1024x359.png 1024w, https:\/\/rccdf.org.br\/site\/wp-content\/uploads\/2023\/05\/banner_MMA-768x269.png 768w\" sizes=\"(max-width: 1140px) 100vw, 1140px\" \/>\t\t\t\t\t\t\t\t\t\t\t\t\t\t\t<\/div>\n\t\t\t\t<\/div>\n\t\t\t\t\t<\/div>\n\t\t\t\t<\/div>\n\t\t<div class=\"elementor-element elementor-element-1506392 e-flex e-con-boxed e-con e-parent\" data-id=\"1506392\" data-element_type=\"container\" data-e-type=\"container\">\n\t\t\t\t\t<div class=\"e-con-inner\">\n\t\t\t\t<div class=\"elementor-element elementor-element-782d6a4 elementor-widget elementor-widget-text-editor\" data-id=\"782d6a4\" data-element_type=\"widget\" data-e-type=\"widget\" data-widget_type=\"text-editor.default\">\n\t\t\t\t<div class=\"elementor-widget-container\">\n\t\t\t\t\t\t\t\t\t<p>O Minist\u00e9rio de M\u00fasica e Artes \u00e9 o respons\u00e1vel por levar a beleza do Criador a todas as criaturas por meio da arte. \u00c9 o que diz o vers\u00edculo cinco, do cap\u00edtulo 13 do livro de Sabedoria: \u201cA grandeza e a beleza das criaturas levam, por analogia, \u00e0 contempla\u00e7\u00e3o de seu Autor\u201d, pois \u201cfoi a pr\u00f3pria fonte da beleza que as criou\u201d (Sb 13,3).<\/p><p>Edicarlos de Oliveira coordena o minist\u00e9rio no Distrito Federal que re\u00fane as atividades de dan\u00e7a, m\u00fasica, teatro, artes pl\u00e1sticas, entre outras. Este \u00e9 um minist\u00e9rio que muitos podem contribuir, por\u00e9m n\u00e3o se colocam a servi\u00e7o do Criador. Ele visa formar continuamente os ministeriados para que a arte se torne um instrumento de evangeliza\u00e7\u00e3o t\u00e3o forte quanto uma prega\u00e7\u00e3o. Como uma forte express\u00e3o do amor de Deus, a m\u00fasica ou uma pe\u00e7a teatral pode abrir os cora\u00e7\u00f5es para o encontro pessoal com Jesus e a a\u00e7\u00e3o do Esp\u00edrito Santo. Sabendo que em qualquer lugar at\u00e9 mesmo em ambientes alheios \u00e0 Renova\u00e7\u00e3o, consigam evangelizar, proclamando fielmente a revela\u00e7\u00e3o divina sob a un\u00e7\u00e3o do Esp\u00edrito Santo, de forma energ\u00e9tica, ousada e prof\u00e9tica.<\/p><p>Para servir \u00e9 necess\u00e1rio se colocar para trabalhar, levando em considera\u00e7\u00e3o algumas virtudes de Nossa Senhora, como obedi\u00eancia e ora\u00e7\u00e3o. Juninho Cassimiro por meio de carta divulgada aos artistas no in\u00edcio de 2014 quando era\u00a0<span style=\"color: var( --e-global-color-text );\">coordenador nacional do Minist\u00e9rio<\/span><span style=\"color: var( --e-global-color-text );\">\u00a0<\/span><span style=\"color: var( --e-global-color-text );\">chamava a aten\u00e7\u00e3o a necessidade de obedecer a vontade de Deus e colocar todos os sonhos nas m\u00e3os d&#8217;Ele, mesmo que alguns n\u00e3o sejam realizados.<\/span><\/p><p>O artista de Deus deve ser um homem livre das amarras do mundo e s\u00f3 se consegue este tipo de liberdade na entrega constante a Deus. Assim, cada ato art\u00edstico ser\u00e1 cheio de un\u00e7\u00e3o e caridade e levar\u00e1 as pessoas ao encontro pessoal com Deus \u2013 essencial de qualquer servi\u00e7o eclesial.<\/p><p>Quem se sentir chamado a servir na M\u00fasica ou Artes deve procurar o coordenador do Grupo local e o coordenador do minist\u00e9rio para a forma\u00e7\u00e3o que \u00e9 essencial deste servi\u00e7o. Lembre-se que ser um artista de Deus faz toda a diferen\u00e7a.<\/p>\t\t\t\t\t\t\t\t<\/div>\n\t\t\t\t<\/div>\n\t\t\t\t\t<\/div>\n\t\t\t\t<\/div>\n\t\t\t\t<\/div>\n\t\t","protected":false},"excerpt":{"rendered":"<p>O Minist\u00e9rio de M\u00fasica e Artes \u00e9 o respons\u00e1vel por levar a beleza do Criador a todas as criaturas por meio da arte. \u00c9 o que diz o vers\u00edculo cinco, do cap\u00edtulo 13 do livro de Sabedoria: \u201cA grandeza e a beleza das criaturas levam, por analogia, \u00e0 contempla\u00e7\u00e3o de seu Autor\u201d, pois \u201cfoi a [&hellip;]<\/p>\n","protected":false},"author":1,"featured_media":0,"parent":0,"menu_order":0,"comment_status":"closed","ping_status":"closed","template":"elementor_header_footer","meta":{"footnotes":""},"class_list":["post-559","page","type-page","status-publish","hentry"],"_links":{"self":[{"href":"https:\/\/rccdf.org.br\/site\/wp-json\/wp\/v2\/pages\/559","targetHints":{"allow":["GET"]}}],"collection":[{"href":"https:\/\/rccdf.org.br\/site\/wp-json\/wp\/v2\/pages"}],"about":[{"href":"https:\/\/rccdf.org.br\/site\/wp-json\/wp\/v2\/types\/page"}],"author":[{"embeddable":true,"href":"https:\/\/rccdf.org.br\/site\/wp-json\/wp\/v2\/users\/1"}],"replies":[{"embeddable":true,"href":"https:\/\/rccdf.org.br\/site\/wp-json\/wp\/v2\/comments?post=559"}],"version-history":[{"count":4,"href":"https:\/\/rccdf.org.br\/site\/wp-json\/wp\/v2\/pages\/559\/revisions"}],"predecessor-version":[{"id":564,"href":"https:\/\/rccdf.org.br\/site\/wp-json\/wp\/v2\/pages\/559\/revisions\/564"}],"wp:attachment":[{"href":"https:\/\/rccdf.org.br\/site\/wp-json\/wp\/v2\/media?parent=559"}],"curies":[{"name":"wp","href":"https:\/\/api.w.org\/{rel}","templated":true}]}}