{"id":540,"date":"2023-05-23T21:28:55","date_gmt":"2023-05-24T00:28:55","guid":{"rendered":"https:\/\/rccdf.org.br\/site\/?page_id=540"},"modified":"2023-05-23T21:58:24","modified_gmt":"2023-05-24T00:58:24","slug":"o-que-e-o-grupo-de-oracao","status":"publish","type":"page","link":"https:\/\/rccdf.org.br\/site\/o-que-e-o-grupo-de-oracao\/","title":{"rendered":"O que \u00e9 o Grupo de Ora\u00e7\u00e3o?"},"content":{"rendered":"\t\t<div data-elementor-type=\"wp-page\" data-elementor-id=\"540\" class=\"elementor elementor-540\" data-elementor-post-type=\"page\">\n\t\t\t\t<div class=\"elementor-element elementor-element-7fa1ec5 e-flex e-con-boxed e-con e-parent\" data-id=\"7fa1ec5\" data-element_type=\"container\" data-e-type=\"container\">\n\t\t\t\t\t<div class=\"e-con-inner\">\n\t\t\t\t\t<\/div>\n\t\t\t\t<\/div>\n\t\t<div class=\"elementor-element elementor-element-5845aae e-flex e-con-boxed e-con e-parent\" data-id=\"5845aae\" data-element_type=\"container\" data-e-type=\"container\">\n\t\t\t\t\t<div class=\"e-con-inner\">\n\t\t\t\t<div class=\"elementor-element elementor-element-cae23b1 e-transform elementor-widget elementor-widget-image\" data-id=\"cae23b1\" data-element_type=\"widget\" data-e-type=\"widget\" data-settings=\"{&quot;_transform_scaleX_effect&quot;:{&quot;unit&quot;:&quot;px&quot;,&quot;size&quot;:1,&quot;sizes&quot;:[]},&quot;_transform_scaleY_effect&quot;:{&quot;unit&quot;:&quot;px&quot;,&quot;size&quot;:0.90000000000000002220446049250313080847263336181640625,&quot;sizes&quot;:[]},&quot;_transform_scaleX_effect_tablet&quot;:{&quot;unit&quot;:&quot;px&quot;,&quot;size&quot;:&quot;&quot;,&quot;sizes&quot;:[]},&quot;_transform_scaleX_effect_mobile&quot;:{&quot;unit&quot;:&quot;px&quot;,&quot;size&quot;:&quot;&quot;,&quot;sizes&quot;:[]},&quot;_transform_scaleY_effect_tablet&quot;:{&quot;unit&quot;:&quot;px&quot;,&quot;size&quot;:&quot;&quot;,&quot;sizes&quot;:[]},&quot;_transform_scaleY_effect_mobile&quot;:{&quot;unit&quot;:&quot;px&quot;,&quot;size&quot;:&quot;&quot;,&quot;sizes&quot;:[]}}\" data-widget_type=\"image.default\">\n\t\t\t\t<div class=\"elementor-widget-container\">\n\t\t\t\t\t\t\t\t\t\t\t\t\t\t\t<img fetchpriority=\"high\" decoding=\"async\" width=\"908\" height=\"360\" src=\"https:\/\/rccdf.org.br\/site\/wp-content\/uploads\/2023\/05\/grupo-de-oracao-pessoas-rezando.jpg\" class=\"attachment-full size-full wp-image-542\" alt=\"\" srcset=\"https:\/\/rccdf.org.br\/site\/wp-content\/uploads\/2023\/05\/grupo-de-oracao-pessoas-rezando.jpg 908w, https:\/\/rccdf.org.br\/site\/wp-content\/uploads\/2023\/05\/grupo-de-oracao-pessoas-rezando-600x238.jpg 600w, https:\/\/rccdf.org.br\/site\/wp-content\/uploads\/2023\/05\/grupo-de-oracao-pessoas-rezando-300x119.jpg 300w, https:\/\/rccdf.org.br\/site\/wp-content\/uploads\/2023\/05\/grupo-de-oracao-pessoas-rezando-768x304.jpg 768w\" sizes=\"(max-width: 908px) 100vw, 908px\" \/>\t\t\t\t\t\t\t\t\t\t\t\t\t\t\t<\/div>\n\t\t\t\t<\/div>\n\t\t\t\t\t<\/div>\n\t\t\t\t<\/div>\n\t\t<div class=\"elementor-element elementor-element-1506392 e-flex e-con-boxed e-con e-parent\" data-id=\"1506392\" data-element_type=\"container\" data-e-type=\"container\">\n\t\t\t\t\t<div class=\"e-con-inner\">\n\t\t\t\t<div class=\"elementor-element elementor-element-782d6a4 elementor-widget elementor-widget-text-editor\" data-id=\"782d6a4\" data-element_type=\"widget\" data-e-type=\"widget\" data-widget_type=\"text-editor.default\">\n\t\t\t\t<div class=\"elementor-widget-container\">\n\t\t\t\t\t\t\t\t\t<p>O Grupo de Ora\u00e7\u00e3o \u00e9 a c\u00e9lula fundamental da Renova\u00e7\u00e3o Carism\u00e1tica Cat\u00f3lica; \u00e9 o lugar da expectativa e, ao mesmo tempo, da realiza\u00e7\u00e3o da promessa perene de Deus; \u00e9 cen\u00e1culo de Pentecostes dos dias atuais, onde juntamente com Maria nos reunimos em humildade e un\u00e2nime ora\u00e7\u00e3o, para que se cumpra a promessa feita tanto para os homens de ontem, quanto para os de hoje: \u201c\u2026 acontecer\u00e1 que derramarei o meu Esp\u00edrito sobre todo ser vivo\u201d (Joel 3,1a).<\/p><p>O Grupo de Ora\u00e7\u00e3o da RCC \u00e9 uma comunidade carism\u00e1tica presente numa diocese, par\u00f3quia, capela, col\u00e9gio, universidade, pres\u00eddio, empresa, fazenda, condom\u00ednio, resid\u00eancia, etc., que cultiva a ora\u00e7\u00e3o, a partilha, e todos os outros aspectos da viv\u00eancia do Evangelho, a partir da experi\u00eancia do batismo no Esp\u00edrito Santo. Tem na reuni\u00e3o de ora\u00e7\u00e3o sua express\u00e3o principal de evangeliza\u00e7\u00e3o querigm\u00e1tica e que, conforme sua especificidade e mantendo sua identidade, se insere no conjunto de comunh\u00e3o, participa\u00e7\u00e3o, obedi\u00eancia e servi\u00e7o. Pessoas engajadas na RCC, l\u00edderes e servos \u2013 atrav\u00e9s de encontros, ora\u00e7\u00f5es e forma\u00e7\u00e3o \u2013 buscam \u201cfazer acontecer um processo poderoso de renova\u00e7\u00e3o espiritual, que transforma a vida pessoal do crist\u00e3o e todos os seus relacionamentos com Deus, com a fam\u00edlia, com a Igreja e a comunidade\u201d\u00b9.<\/p><p>\u201cO objetivo do Grupo de Ora\u00e7\u00e3o \u00e9 levar os participantes a experimentar o pentecostes pessoal, a crescer e chegar \u00e0 maturidade da vida crist\u00e3 plena do Esp\u00edrito, segundo os desejos de Jesus: \u2018Eu vim para que as ovelhas tenham vida e a tenham em abund\u00e2ncia\u2019 (Jo 10,10b)\u201d\u00b2. Nesse sentido, caracteriza-se por tr\u00eas momentos distintos, por\u00e9m interdependentes: n\u00facleo de servi\u00e7o, reuni\u00e3o de ora\u00e7\u00e3o e grupo de perseveran\u00e7a.<\/p><p><span style=\"color: var( --e-global-color-text );\">Os grupos de ora\u00e7\u00e3o est\u00e3o presentes em todo o Distrito Federal, nas par\u00f3quias, capelas, em hospitais, universidades, pres\u00eddios etc. Acontecem semanalmente, em hor\u00e1rios e dias a depender de cada realidade. Nossos grupos de ora\u00e7\u00e3o est\u00e3o de portas abertas para receber todas as pessoas que desejarem fazer a experi\u00eancia do Amor de Deus e do Batismo no Esp\u00edrito Santo. Para encontrar o Grupo de ora\u00e7\u00e3o mais pr\u00f3ximo de voc\u00ea, basta clicar no link ou na imagem e pesquisar endere\u00e7o, dia e hor\u00e1rio desejados.<br \/><\/span><\/p><p>Caso, voc\u00ea n\u00e3o encontre algum grupo na regi\u00e3o desejada, por favor, entre em contato com o nosso escrit\u00f3rio atrav\u00e9s do telefone: (61) 3224-8586.<\/p><p>\u201cBuscai o Senhor, j\u00e1 que ele se deixa encontrar, invocai-o, j\u00e1 que est\u00e1 perto.\u201d(Isa\u00edas 55, 6)<\/p><p>\u00a0<\/p>\t\t\t\t\t\t\t\t<\/div>\n\t\t\t\t<\/div>\n\t\t\t\t\t<\/div>\n\t\t\t\t<\/div>\n\t\t<div class=\"elementor-element elementor-element-7be6757 e-flex e-con-boxed e-con e-parent\" data-id=\"7be6757\" data-element_type=\"container\" data-e-type=\"container\">\n\t\t\t\t\t<div class=\"e-con-inner\">\n\t\t\t\t<div class=\"elementor-element elementor-element-d4e1d81 elementor-widget elementor-widget-image\" data-id=\"d4e1d81\" data-element_type=\"widget\" data-e-type=\"widget\" data-widget_type=\"image.default\">\n\t\t\t\t<div class=\"elementor-widget-container\">\n\t\t\t\t\t\t\t\t\t\t\t\t\t\t\t\t<a href=\"http:\/\/rccdf.org.br\/gruposoracao\/paginas\/index.php\">\n\t\t\t\t\t\t\t<img decoding=\"async\" src=\"https:\/\/rccdf.org.br\/portal\/wp-content\/uploads\/2019\/07\/banner_encontre_go.jpg\" title=\"\" alt=\"\" class=\"elementor-animation-shrink\" loading=\"lazy\" \/>\t\t\t\t\t\t\t\t<\/a>\n\t\t\t\t\t\t\t\t\t\t\t\t\t\t\t<\/div>\n\t\t\t\t<\/div>\n\t\t\t\t\t<\/div>\n\t\t\t\t<\/div>\n\t\t<div class=\"elementor-element elementor-element-3abfbc1 e-transform e-flex e-con-boxed e-con e-parent\" data-id=\"3abfbc1\" data-element_type=\"container\" data-e-type=\"container\" data-settings=\"{&quot;_transform_scale_effect_mobile&quot;:{&quot;unit&quot;:&quot;px&quot;,&quot;size&quot;:0.6999999999999999555910790149937383830547332763671875,&quot;sizes&quot;:[]},&quot;_transform_scale_effect&quot;:{&quot;unit&quot;:&quot;px&quot;,&quot;size&quot;:&quot;&quot;,&quot;sizes&quot;:[]},&quot;_transform_scale_effect_tablet&quot;:{&quot;unit&quot;:&quot;px&quot;,&quot;size&quot;:&quot;&quot;,&quot;sizes&quot;:[]}}\">\n\t\t\t\t\t<div class=\"e-con-inner\">\n\t\t\t\t<div class=\"elementor-element elementor-element-8cdf125 elementor-view-default elementor-position-block-start elementor-mobile-position-block-start elementor-widget elementor-widget-icon-box\" data-id=\"8cdf125\" data-element_type=\"widget\" data-e-type=\"widget\" data-widget_type=\"icon-box.default\">\n\t\t\t\t<div class=\"elementor-widget-container\">\n\t\t\t\t\t\t\t<div class=\"elementor-icon-box-wrapper\">\n\n\t\t\t\t\t\t<div class=\"elementor-icon-box-icon\">\n\t\t\t\t<a href=\"http:\/\/rccdf.org.br\/gruposoracao\/paginas\/index.php\" class=\"elementor-icon\" tabindex=\"-1\" aria-label=\"Encontre um Grupo de Ora\u00e7\u00e3o\">\n\t\t\t\t<svg aria-hidden=\"true\" class=\"e-font-icon-svg e-fas-angle-double-up\" viewBox=\"0 0 320 512\" xmlns=\"http:\/\/www.w3.org\/2000\/svg\"><path d=\"M177 255.7l136 136c9.4 9.4 9.4 24.6 0 33.9l-22.6 22.6c-9.4 9.4-24.6 9.4-33.9 0L160 351.9l-96.4 96.4c-9.4 9.4-24.6 9.4-33.9 0L7 425.7c-9.4-9.4-9.4-24.6 0-33.9l136-136c9.4-9.5 24.6-9.5 34-.1zm-34-192L7 199.7c-9.4 9.4-9.4 24.6 0 33.9l22.6 22.6c9.4 9.4 24.6 9.4 33.9 0l96.4-96.4 96.4 96.4c9.4 9.4 24.6 9.4 33.9 0l22.6-22.6c9.4-9.4 9.4-24.6 0-33.9l-136-136c-9.2-9.4-24.4-9.4-33.8 0z\"><\/path><\/svg>\t\t\t\t<\/a>\n\t\t\t<\/div>\n\t\t\t\n\t\t\t\t\t\t<div class=\"elementor-icon-box-content\">\n\n\t\t\t\t\t\t\t\t\t<h3 class=\"elementor-icon-box-title\">\n\t\t\t\t\t\t<a href=\"http:\/\/rccdf.org.br\/gruposoracao\/paginas\/index.php\" >\n\t\t\t\t\t\t\tEncontre um Grupo de Ora\u00e7\u00e3o\t\t\t\t\t\t<\/a>\n\t\t\t\t\t<\/h3>\n\t\t\t\t\n\t\t\t\t\n\t\t\t<\/div>\n\t\t\t\n\t\t<\/div>\n\t\t\t\t\t\t<\/div>\n\t\t\t\t<\/div>\n\t\t\t\t\t<\/div>\n\t\t\t\t<\/div>\n\t\t\t\t<\/div>\n\t\t","protected":false},"excerpt":{"rendered":"<p>O Grupo de Ora\u00e7\u00e3o \u00e9 a c\u00e9lula fundamental da Renova\u00e7\u00e3o Carism\u00e1tica Cat\u00f3lica; \u00e9 o lugar da expectativa e, ao mesmo tempo, da realiza\u00e7\u00e3o da promessa perene de Deus; \u00e9 cen\u00e1culo de Pentecostes dos dias atuais, onde juntamente com Maria nos reunimos em humildade e un\u00e2nime ora\u00e7\u00e3o, para que se cumpra a promessa feita tanto para [&hellip;]<\/p>\n","protected":false},"author":1,"featured_media":0,"parent":0,"menu_order":0,"comment_status":"closed","ping_status":"closed","template":"elementor_header_footer","meta":{"footnotes":""},"class_list":["post-540","page","type-page","status-publish","hentry"],"_links":{"self":[{"href":"https:\/\/rccdf.org.br\/site\/wp-json\/wp\/v2\/pages\/540","targetHints":{"allow":["GET"]}}],"collection":[{"href":"https:\/\/rccdf.org.br\/site\/wp-json\/wp\/v2\/pages"}],"about":[{"href":"https:\/\/rccdf.org.br\/site\/wp-json\/wp\/v2\/types\/page"}],"author":[{"embeddable":true,"href":"https:\/\/rccdf.org.br\/site\/wp-json\/wp\/v2\/users\/1"}],"replies":[{"embeddable":true,"href":"https:\/\/rccdf.org.br\/site\/wp-json\/wp\/v2\/comments?post=540"}],"version-history":[{"count":14,"href":"https:\/\/rccdf.org.br\/site\/wp-json\/wp\/v2\/pages\/540\/revisions"}],"predecessor-version":[{"id":558,"href":"https:\/\/rccdf.org.br\/site\/wp-json\/wp\/v2\/pages\/540\/revisions\/558"}],"wp:attachment":[{"href":"https:\/\/rccdf.org.br\/site\/wp-json\/wp\/v2\/media?parent=540"}],"curies":[{"name":"wp","href":"https:\/\/api.w.org\/{rel}","templated":true}]}}