{"id":2846,"date":"2024-12-08T14:55:52","date_gmt":"2024-12-08T17:55:52","guid":{"rendered":"https:\/\/rccdf.org.br\/site\/?page_id=2846"},"modified":"2024-12-08T15:35:47","modified_gmt":"2024-12-08T18:35:47","slug":"pregacoes-vem-louvar-2024","status":"publish","type":"page","link":"https:\/\/rccdf.org.br\/site\/pregacoes-vem-louvar-2024\/","title":{"rendered":"Prega\u00e7\u00f5es Vem Louvar 2024"},"content":{"rendered":"\t\t<div data-elementor-type=\"wp-page\" data-elementor-id=\"2846\" class=\"elementor elementor-2846\" data-elementor-post-type=\"page\">\n\t\t\t\t<div class=\"elementor-element elementor-element-b9950ed e-flex e-con-boxed e-con e-parent\" data-id=\"b9950ed\" data-element_type=\"container\" data-e-type=\"container\" data-settings=\"{&quot;background_background&quot;:&quot;classic&quot;}\">\n\t\t\t\t\t<div class=\"e-con-inner\">\n\t\t\t\t<div class=\"elementor-element elementor-element-e045116 elementor-widget elementor-widget-image\" data-id=\"e045116\" data-element_type=\"widget\" data-e-type=\"widget\" data-widget_type=\"image.default\">\n\t\t\t\t<div class=\"elementor-widget-container\">\n\t\t\t\t\t\t\t\t\t\t\t\t\t\t\t<img fetchpriority=\"high\" decoding=\"async\" width=\"2136\" height=\"1850\" src=\"https:\/\/rccdf.org.br\/site\/wp-content\/uploads\/2024\/11\/logo-vem-louvar-1.png\" class=\"attachment-full size-full wp-image-2723\" alt=\"\" srcset=\"https:\/\/rccdf.org.br\/site\/wp-content\/uploads\/2024\/11\/logo-vem-louvar-1.png 2136w, https:\/\/rccdf.org.br\/site\/wp-content\/uploads\/2024\/11\/logo-vem-louvar-1-300x260.png 300w, https:\/\/rccdf.org.br\/site\/wp-content\/uploads\/2024\/11\/logo-vem-louvar-1-1024x887.png 1024w, https:\/\/rccdf.org.br\/site\/wp-content\/uploads\/2024\/11\/logo-vem-louvar-1-768x665.png 768w, https:\/\/rccdf.org.br\/site\/wp-content\/uploads\/2024\/11\/logo-vem-louvar-1-1536x1330.png 1536w, https:\/\/rccdf.org.br\/site\/wp-content\/uploads\/2024\/11\/logo-vem-louvar-1-2048x1774.png 2048w, https:\/\/rccdf.org.br\/site\/wp-content\/uploads\/2024\/11\/logo-vem-louvar-1-200x173.png 200w\" sizes=\"(max-width: 2136px) 100vw, 2136px\" \/>\t\t\t\t\t\t\t\t\t\t\t\t\t\t\t<\/div>\n\t\t\t\t<\/div>\n\t\t\t\t<div class=\"elementor-element elementor-element-f36c876 elementor-widget-divider--view-line elementor-widget elementor-widget-divider\" data-id=\"f36c876\" data-element_type=\"widget\" data-e-type=\"widget\" data-widget_type=\"divider.default\">\n\t\t\t\t<div class=\"elementor-widget-container\">\n\t\t\t\t\t\t\t<div class=\"elementor-divider\">\n\t\t\t<span class=\"elementor-divider-separator\">\n\t\t\t\t\t\t<\/span>\n\t\t<\/div>\n\t\t\t\t\t\t<\/div>\n\t\t\t\t<\/div>\n\t\t\t\t<div class=\"elementor-element elementor-element-a5f0039 elementor-widget elementor-widget-heading\" data-id=\"a5f0039\" data-element_type=\"widget\" data-e-type=\"widget\" data-widget_type=\"heading.default\">\n\t\t\t\t<div class=\"elementor-widget-container\">\n\t\t\t\t\t<h2 class=\"elementor-heading-title elementor-size-default\">Prega\u00e7\u00f5es<\/h2>\t\t\t\t<\/div>\n\t\t\t\t<\/div>\n\t\t\t\t<div class=\"elementor-element elementor-element-ff599a1 elementor-widget-divider--view-line elementor-widget elementor-widget-divider\" data-id=\"ff599a1\" data-element_type=\"widget\" data-e-type=\"widget\" data-widget_type=\"divider.default\">\n\t\t\t\t<div class=\"elementor-widget-container\">\n\t\t\t\t\t\t\t<div class=\"elementor-divider\">\n\t\t\t<span class=\"elementor-divider-separator\">\n\t\t\t\t\t\t<\/span>\n\t\t<\/div>\n\t\t\t\t\t\t<\/div>\n\t\t\t\t<\/div>\n\t\t\t\t<div class=\"elementor-element elementor-element-3bee210 elementor-grid-3 elementor-grid-tablet-2 elementor-grid-mobile-1 elementor-posts--thumbnail-top elementor-card-shadow-yes elementor-posts__hover-gradient elementor-widget elementor-widget-posts\" data-id=\"3bee210\" data-element_type=\"widget\" data-e-type=\"widget\" data-settings=\"{&quot;cards_columns&quot;:&quot;3&quot;,&quot;cards_columns_tablet&quot;:&quot;2&quot;,&quot;cards_columns_mobile&quot;:&quot;1&quot;,&quot;cards_row_gap&quot;:{&quot;unit&quot;:&quot;px&quot;,&quot;size&quot;:35,&quot;sizes&quot;:[]},&quot;cards_row_gap_tablet&quot;:{&quot;unit&quot;:&quot;px&quot;,&quot;size&quot;:&quot;&quot;,&quot;sizes&quot;:[]},&quot;cards_row_gap_mobile&quot;:{&quot;unit&quot;:&quot;px&quot;,&quot;size&quot;:&quot;&quot;,&quot;sizes&quot;:[]}}\" data-widget_type=\"posts.cards\">\n\t\t\t\t<div class=\"elementor-widget-container\">\n\t\t\t\t\t\t\t<div class=\"elementor-posts-container elementor-posts elementor-posts--skin-cards elementor-grid\" role=\"list\">\n\t\t\t\t<article class=\"elementor-post elementor-grid-item post-3361 post type-post status-publish format-standard has-post-thumbnail hentry category-rebanhao-2025\" role=\"listitem\">\n\t\t\t<div class=\"elementor-post__card\">\n\t\t\t\t<a class=\"elementor-post__thumbnail__link\" href=\"https:\/\/rccdf.org.br\/site\/homilia-dom-paulo-cezar-terca\/\" tabindex=\"-1\" target=\"_blank\"><div class=\"elementor-post__thumbnail\"><img decoding=\"async\" width=\"1200\" height=\"600\" src=\"https:\/\/rccdf.org.br\/site\/wp-content\/uploads\/2025\/03\/site-pregacao-DOM-PAULO.webp\" class=\"attachment-full size-full wp-image-3345\" alt=\"\" srcset=\"https:\/\/rccdf.org.br\/site\/wp-content\/uploads\/2025\/03\/site-pregacao-DOM-PAULO.webp 1200w, https:\/\/rccdf.org.br\/site\/wp-content\/uploads\/2025\/03\/site-pregacao-DOM-PAULO-300x150.webp 300w, https:\/\/rccdf.org.br\/site\/wp-content\/uploads\/2025\/03\/site-pregacao-DOM-PAULO-1024x512.webp 1024w, https:\/\/rccdf.org.br\/site\/wp-content\/uploads\/2025\/03\/site-pregacao-DOM-PAULO-768x384.webp 768w, https:\/\/rccdf.org.br\/site\/wp-content\/uploads\/2025\/03\/site-pregacao-DOM-PAULO-200x100.webp 200w\" sizes=\"(max-width: 1200px) 100vw, 1200px\" \/><\/div><\/a>\n\t\t\t\t<div class=\"elementor-post__text\">\n\t\t\t\t<h3 class=\"elementor-post__title\">\n\t\t\t<a href=\"https:\/\/rccdf.org.br\/site\/homilia-dom-paulo-cezar-terca\/\" target=&quot;_blank&quot;>\n\t\t\t\tHomilia Dom Paulo Cezar &#8211; Ter\u00e7a\t\t\t<\/a>\n\t\t<\/h3>\n\t\t\t\t<div class=\"elementor-post__excerpt\">\n\t\t\t<p>Dom Paulo iniciou a homilia saudando a todos, dizendo que \u00e9 uma grande alegria estar aqui nesse retiro que acontece h\u00e1 tanto tempo. Disse aos<\/p>\n\t\t<\/div>\n\t\t\n\t\t<a class=\"elementor-post__read-more\" href=\"https:\/\/rccdf.org.br\/site\/homilia-dom-paulo-cezar-terca\/\" aria-label=\"Leia mais sobre Homilia Dom Paulo Cezar &#8211; Ter\u00e7a\" tabindex=\"-1\" target=\"_blank\">\n\t\t\tLeia mais \u00bb\t\t<\/a>\n\n\t\t\t\t<\/div>\n\t\t\t\t<div class=\"elementor-post__meta-data\">\n\t\t\t\t\t<span class=\"elementor-post-date\">\n\t\t\t04\/03\/2025\t\t<\/span>\n\t\t\t\t<\/div>\n\t\t\t\t\t<\/div>\n\t\t<\/article>\n\t\t\t\t<article class=\"elementor-post elementor-grid-item post-3356 post type-post status-publish format-standard has-post-thumbnail hentry category-rebanhao-2025\" role=\"listitem\">\n\t\t\t<div class=\"elementor-post__card\">\n\t\t\t\t<a class=\"elementor-post__thumbnail__link\" href=\"https:\/\/rccdf.org.br\/site\/senhor-a-quem-iriamos-nos-jo-668a\/\" tabindex=\"-1\" target=\"_blank\"><div class=\"elementor-post__thumbnail\"><img decoding=\"async\" width=\"1200\" height=\"600\" src=\"https:\/\/rccdf.org.br\/site\/wp-content\/uploads\/2025\/03\/site-pregacao-KATIA.webp\" class=\"attachment-full size-full wp-image-3346\" alt=\"\" srcset=\"https:\/\/rccdf.org.br\/site\/wp-content\/uploads\/2025\/03\/site-pregacao-KATIA.webp 1200w, https:\/\/rccdf.org.br\/site\/wp-content\/uploads\/2025\/03\/site-pregacao-KATIA-300x150.webp 300w, https:\/\/rccdf.org.br\/site\/wp-content\/uploads\/2025\/03\/site-pregacao-KATIA-1024x512.webp 1024w, https:\/\/rccdf.org.br\/site\/wp-content\/uploads\/2025\/03\/site-pregacao-KATIA-768x384.webp 768w, https:\/\/rccdf.org.br\/site\/wp-content\/uploads\/2025\/03\/site-pregacao-KATIA-200x100.webp 200w\" sizes=\"(max-width: 1200px) 100vw, 1200px\" \/><\/div><\/a>\n\t\t\t\t<div class=\"elementor-post__text\">\n\t\t\t\t<h3 class=\"elementor-post__title\">\n\t\t\t<a href=\"https:\/\/rccdf.org.br\/site\/senhor-a-quem-iriamos-nos-jo-668a\/\" target=&quot;_blank&quot;>\n\t\t\t\t\u201cSenhor, a quem ir\u00edamos n\u00f3s?\u201d (Jo 6,68a)\t\t\t<\/a>\n\t\t<\/h3>\n\t\t\t\t<div class=\"elementor-post__excerpt\">\n\t\t\t<p>K\u00e1tia iniciou dizendo que Deus n\u00e3o se esgota com a sua miseric\u00f3rdia, com as gra\u00e7as que s\u00e3o derramadas em nossa vidas. Deus quer falar conosco,<\/p>\n\t\t<\/div>\n\t\t\n\t\t<a class=\"elementor-post__read-more\" href=\"https:\/\/rccdf.org.br\/site\/senhor-a-quem-iriamos-nos-jo-668a\/\" aria-label=\"Leia mais sobre \u201cSenhor, a quem ir\u00edamos n\u00f3s?\u201d (Jo 6,68a)\" tabindex=\"-1\" target=\"_blank\">\n\t\t\tLeia mais \u00bb\t\t<\/a>\n\n\t\t\t\t<\/div>\n\t\t\t\t<div class=\"elementor-post__meta-data\">\n\t\t\t\t\t<span class=\"elementor-post-date\">\n\t\t\t04\/03\/2025\t\t<\/span>\n\t\t\t\t<\/div>\n\t\t\t\t\t<\/div>\n\t\t<\/article>\n\t\t\t\t<article class=\"elementor-post elementor-grid-item post-3351 post type-post status-publish format-standard has-post-thumbnail hentry category-rebanhao-2025\" role=\"listitem\">\n\t\t\t<div class=\"elementor-post__card\">\n\t\t\t\t<a class=\"elementor-post__thumbnail__link\" href=\"https:\/\/rccdf.org.br\/site\/cre-no-senhor-jesus-e-sera-salvo-tu-e-tua-familia-atos-16-31\/\" tabindex=\"-1\" target=\"_blank\"><div class=\"elementor-post__thumbnail\"><img loading=\"lazy\" decoding=\"async\" width=\"1200\" height=\"600\" src=\"https:\/\/rccdf.org.br\/site\/wp-content\/uploads\/2025\/03\/site-pregacao-padre-MOACIR.webp\" class=\"attachment-full size-full wp-image-3347\" alt=\"\" srcset=\"https:\/\/rccdf.org.br\/site\/wp-content\/uploads\/2025\/03\/site-pregacao-padre-MOACIR.webp 1200w, https:\/\/rccdf.org.br\/site\/wp-content\/uploads\/2025\/03\/site-pregacao-padre-MOACIR-300x150.webp 300w, https:\/\/rccdf.org.br\/site\/wp-content\/uploads\/2025\/03\/site-pregacao-padre-MOACIR-1024x512.webp 1024w, https:\/\/rccdf.org.br\/site\/wp-content\/uploads\/2025\/03\/site-pregacao-padre-MOACIR-768x384.webp 768w, https:\/\/rccdf.org.br\/site\/wp-content\/uploads\/2025\/03\/site-pregacao-padre-MOACIR-200x100.webp 200w\" sizes=\"(max-width: 1200px) 100vw, 1200px\" \/><\/div><\/a>\n\t\t\t\t<div class=\"elementor-post__text\">\n\t\t\t\t<h3 class=\"elementor-post__title\">\n\t\t\t<a href=\"https:\/\/rccdf.org.br\/site\/cre-no-senhor-jesus-e-sera-salvo-tu-e-tua-familia-atos-16-31\/\" target=&quot;_blank&quot;>\n\t\t\t\t\u201cCr\u00ea no Senhor Jesus e ser\u00e1 salvo, tu e tua fam\u00edlia.\u201d (Atos 16, 31)\t\t\t<\/a>\n\t\t<\/h3>\n\t\t\t\t<div class=\"elementor-post__excerpt\">\n\t\t\t<p>O carnaval do mundo tem milh\u00f5es de pessoas. Sem saber o que falar com voc\u00eas hoje, fui rezar e Jesus me falou para observar o<\/p>\n\t\t<\/div>\n\t\t\n\t\t<a class=\"elementor-post__read-more\" href=\"https:\/\/rccdf.org.br\/site\/cre-no-senhor-jesus-e-sera-salvo-tu-e-tua-familia-atos-16-31\/\" aria-label=\"Leia mais sobre \u201cCr\u00ea no Senhor Jesus e ser\u00e1 salvo, tu e tua fam\u00edlia.\u201d (Atos 16, 31)\" tabindex=\"-1\" target=\"_blank\">\n\t\t\tLeia mais \u00bb\t\t<\/a>\n\n\t\t\t\t<\/div>\n\t\t\t\t<div class=\"elementor-post__meta-data\">\n\t\t\t\t\t<span class=\"elementor-post-date\">\n\t\t\t04\/03\/2025\t\t<\/span>\n\t\t\t\t<\/div>\n\t\t\t\t\t<\/div>\n\t\t<\/article>\n\t\t\t\t<article class=\"elementor-post elementor-grid-item post-3342 post type-post status-publish format-standard has-post-thumbnail hentry category-rebanhao-2025\" role=\"listitem\">\n\t\t\t<div class=\"elementor-post__card\">\n\t\t\t\t<a class=\"elementor-post__thumbnail__link\" href=\"https:\/\/rccdf.org.br\/site\/pela-virtude-do-espirito-santo-transbordeis-de-esperanca-cf-rm-1513b\/\" tabindex=\"-1\" target=\"_blank\"><div class=\"elementor-post__thumbnail\"><img loading=\"lazy\" decoding=\"async\" width=\"1200\" height=\"600\" src=\"https:\/\/rccdf.org.br\/site\/wp-content\/uploads\/2025\/03\/site-pregacao-padre-carlos.webp\" class=\"attachment-full size-full wp-image-3344\" alt=\"\" srcset=\"https:\/\/rccdf.org.br\/site\/wp-content\/uploads\/2025\/03\/site-pregacao-padre-carlos.webp 1200w, https:\/\/rccdf.org.br\/site\/wp-content\/uploads\/2025\/03\/site-pregacao-padre-carlos-300x150.webp 300w, https:\/\/rccdf.org.br\/site\/wp-content\/uploads\/2025\/03\/site-pregacao-padre-carlos-1024x512.webp 1024w, https:\/\/rccdf.org.br\/site\/wp-content\/uploads\/2025\/03\/site-pregacao-padre-carlos-768x384.webp 768w, https:\/\/rccdf.org.br\/site\/wp-content\/uploads\/2025\/03\/site-pregacao-padre-carlos-200x100.webp 200w\" sizes=\"(max-width: 1200px) 100vw, 1200px\" \/><\/div><\/a>\n\t\t\t\t<div class=\"elementor-post__text\">\n\t\t\t\t<h3 class=\"elementor-post__title\">\n\t\t\t<a href=\"https:\/\/rccdf.org.br\/site\/pela-virtude-do-espirito-santo-transbordeis-de-esperanca-cf-rm-1513b\/\" target=&quot;_blank&quot;>\n\t\t\t\t\u201cPela virtude do Esp\u00edrito Santo transbordeis de Esperan\u00e7a.\u201d (Cf. Rm 15,13b)\t\t\t<\/a>\n\t\t<\/h3>\n\t\t\t\t<div class=\"elementor-post__excerpt\">\n\t\t\t<p>O Padre Carlos iniciou dizendo que a prepara\u00e7\u00e3o para essa prega\u00e7\u00e3o era essa m\u00fasica; mas Deus j\u00e1 se antecipou: \u201cSar\u00e7a que s\u00f3 queima, que n\u00e3o<\/p>\n\t\t<\/div>\n\t\t\n\t\t<a class=\"elementor-post__read-more\" href=\"https:\/\/rccdf.org.br\/site\/pela-virtude-do-espirito-santo-transbordeis-de-esperanca-cf-rm-1513b\/\" aria-label=\"Leia mais sobre \u201cPela virtude do Esp\u00edrito Santo transbordeis de Esperan\u00e7a.\u201d (Cf. Rm 15,13b)\" tabindex=\"-1\" target=\"_blank\">\n\t\t\tLeia mais \u00bb\t\t<\/a>\n\n\t\t\t\t<\/div>\n\t\t\t\t<div class=\"elementor-post__meta-data\">\n\t\t\t\t\t<span class=\"elementor-post-date\">\n\t\t\t04\/03\/2025\t\t<\/span>\n\t\t\t\t<\/div>\n\t\t\t\t\t<\/div>\n\t\t<\/article>\n\t\t\t\t<article class=\"elementor-post elementor-grid-item post-3329 post type-post status-publish format-standard has-post-thumbnail hentry category-rebanhao-2025\" role=\"listitem\">\n\t\t\t<div class=\"elementor-post__card\">\n\t\t\t\t<a class=\"elementor-post__thumbnail__link\" href=\"https:\/\/rccdf.org.br\/site\/homilia-dom-vicente-tavares-segunda\/\" tabindex=\"-1\" target=\"_blank\"><div class=\"elementor-post__thumbnail\"><img loading=\"lazy\" decoding=\"async\" width=\"1200\" height=\"600\" src=\"https:\/\/rccdf.org.br\/site\/wp-content\/uploads\/2025\/03\/site-pregacao-dom-vicente.webp\" class=\"attachment-full size-full wp-image-3331\" alt=\"\" srcset=\"https:\/\/rccdf.org.br\/site\/wp-content\/uploads\/2025\/03\/site-pregacao-dom-vicente.webp 1200w, https:\/\/rccdf.org.br\/site\/wp-content\/uploads\/2025\/03\/site-pregacao-dom-vicente-300x150.webp 300w, https:\/\/rccdf.org.br\/site\/wp-content\/uploads\/2025\/03\/site-pregacao-dom-vicente-1024x512.webp 1024w, https:\/\/rccdf.org.br\/site\/wp-content\/uploads\/2025\/03\/site-pregacao-dom-vicente-768x384.webp 768w, https:\/\/rccdf.org.br\/site\/wp-content\/uploads\/2025\/03\/site-pregacao-dom-vicente-200x100.webp 200w\" sizes=\"(max-width: 1200px) 100vw, 1200px\" \/><\/div><\/a>\n\t\t\t\t<div class=\"elementor-post__text\">\n\t\t\t\t<h3 class=\"elementor-post__title\">\n\t\t\t<a href=\"https:\/\/rccdf.org.br\/site\/homilia-dom-vicente-tavares-segunda\/\" target=&quot;_blank&quot;>\n\t\t\t\tHomilia Dom Vicente Tavares &#8211; Segunda\t\t\t<\/a>\n\t\t<\/h3>\n\t\t\t\t<div class=\"elementor-post__excerpt\">\n\t\t\t<p>Cumprimento a todos, sejam todos bem vindos, fiquem a vontade! N\u00f3s estamos no segundo dia do nosso Rebanh\u00e3o, que tem sido para n\u00f3s um Oasis<\/p>\n\t\t<\/div>\n\t\t\n\t\t<a class=\"elementor-post__read-more\" href=\"https:\/\/rccdf.org.br\/site\/homilia-dom-vicente-tavares-segunda\/\" aria-label=\"Leia mais sobre Homilia Dom Vicente Tavares &#8211; Segunda\" tabindex=\"-1\" target=\"_blank\">\n\t\t\tLeia mais \u00bb\t\t<\/a>\n\n\t\t\t\t<\/div>\n\t\t\t\t<div class=\"elementor-post__meta-data\">\n\t\t\t\t\t<span class=\"elementor-post-date\">\n\t\t\t03\/03\/2025\t\t<\/span>\n\t\t\t\t<\/div>\n\t\t\t\t\t<\/div>\n\t\t<\/article>\n\t\t\t\t<article class=\"elementor-post elementor-grid-item post-3320 post type-post status-publish format-standard has-post-thumbnail hentry category-rebanhao-2025\" role=\"listitem\">\n\t\t\t<div class=\"elementor-post__card\">\n\t\t\t\t<a class=\"elementor-post__thumbnail__link\" href=\"https:\/\/rccdf.org.br\/site\/e-toda-lingua-proclame-que-jesus-cristo-e-o-senhor-cf-fil-29-12\/\" tabindex=\"-1\" target=\"_blank\"><div class=\"elementor-post__thumbnail\"><img loading=\"lazy\" decoding=\"async\" width=\"1200\" height=\"600\" src=\"https:\/\/rccdf.org.br\/site\/wp-content\/uploads\/2025\/03\/site-pregacao-Francineudo.webp\" class=\"attachment-full size-full wp-image-3322\" alt=\"\" srcset=\"https:\/\/rccdf.org.br\/site\/wp-content\/uploads\/2025\/03\/site-pregacao-Francineudo.webp 1200w, https:\/\/rccdf.org.br\/site\/wp-content\/uploads\/2025\/03\/site-pregacao-Francineudo-300x150.webp 300w, https:\/\/rccdf.org.br\/site\/wp-content\/uploads\/2025\/03\/site-pregacao-Francineudo-1024x512.webp 1024w, https:\/\/rccdf.org.br\/site\/wp-content\/uploads\/2025\/03\/site-pregacao-Francineudo-768x384.webp 768w, https:\/\/rccdf.org.br\/site\/wp-content\/uploads\/2025\/03\/site-pregacao-Francineudo-200x100.webp 200w\" sizes=\"(max-width: 1200px) 100vw, 1200px\" \/><\/div><\/a>\n\t\t\t\t<div class=\"elementor-post__text\">\n\t\t\t\t<h3 class=\"elementor-post__title\">\n\t\t\t<a href=\"https:\/\/rccdf.org.br\/site\/e-toda-lingua-proclame-que-jesus-cristo-e-o-senhor-cf-fil-29-12\/\" target=&quot;_blank&quot;>\n\t\t\t\t\u201cE toda l\u00edngua proclame que Jesus Cristo \u00e9 o Senhor\u201d (Cf. Fil.2,9-12)\t\t\t<\/a>\n\t\t<\/h3>\n\t\t\t\t<div class=\"elementor-post__excerpt\">\n\t\t\t<p>Eu me chamo Francisco, mas os mais pr\u00f3ximos me conhecem por Francineudo, sou servo da RCC DF. Para mim \u00e9 uma grande alegria estar aqui<\/p>\n\t\t<\/div>\n\t\t\n\t\t<a class=\"elementor-post__read-more\" href=\"https:\/\/rccdf.org.br\/site\/e-toda-lingua-proclame-que-jesus-cristo-e-o-senhor-cf-fil-29-12\/\" aria-label=\"Leia mais sobre \u201cE toda l\u00edngua proclame que Jesus Cristo \u00e9 o Senhor\u201d (Cf. Fil.2,9-12)\" tabindex=\"-1\" target=\"_blank\">\n\t\t\tLeia mais \u00bb\t\t<\/a>\n\n\t\t\t\t<\/div>\n\t\t\t\t<div class=\"elementor-post__meta-data\">\n\t\t\t\t\t<span class=\"elementor-post-date\">\n\t\t\t03\/03\/2025\t\t<\/span>\n\t\t\t\t<\/div>\n\t\t\t\t\t<\/div>\n\t\t<\/article>\n\t\t\t\t<\/div>\n\t\t\n\t\t\t\t\t\t<\/div>\n\t\t\t\t<\/div>\n\t\t\t\t\t<\/div>\n\t\t\t\t<\/div>\n\t\t\t\t<\/div>\n\t\t","protected":false},"excerpt":{"rendered":"<p>Prega\u00e7\u00f5es<\/p>\n","protected":false},"author":1,"featured_media":0,"parent":0,"menu_order":0,"comment_status":"closed","ping_status":"closed","template":"","meta":{"footnotes":""},"class_list":["post-2846","page","type-page","status-publish","hentry"],"_links":{"self":[{"href":"https:\/\/rccdf.org.br\/site\/wp-json\/wp\/v2\/pages\/2846","targetHints":{"allow":["GET"]}}],"collection":[{"href":"https:\/\/rccdf.org.br\/site\/wp-json\/wp\/v2\/pages"}],"about":[{"href":"https:\/\/rccdf.org.br\/site\/wp-json\/wp\/v2\/types\/page"}],"author":[{"embeddable":true,"href":"https:\/\/rccdf.org.br\/site\/wp-json\/wp\/v2\/users\/1"}],"replies":[{"embeddable":true,"href":"https:\/\/rccdf.org.br\/site\/wp-json\/wp\/v2\/comments?post=2846"}],"version-history":[{"count":13,"href":"https:\/\/rccdf.org.br\/site\/wp-json\/wp\/v2\/pages\/2846\/revisions"}],"predecessor-version":[{"id":2869,"href":"https:\/\/rccdf.org.br\/site\/wp-json\/wp\/v2\/pages\/2846\/revisions\/2869"}],"wp:attachment":[{"href":"https:\/\/rccdf.org.br\/site\/wp-json\/wp\/v2\/media?parent=2846"}],"curies":[{"name":"wp","href":"https:\/\/api.w.org\/{rel}","templated":true}]}}