{"id":187,"date":"2023-03-15T21:18:55","date_gmt":"2023-03-16T00:18:55","guid":{"rendered":"https:\/\/rccdf.org.br\/site\/?page_id=187"},"modified":"2023-03-15T21:36:56","modified_gmt":"2023-03-16T00:36:56","slug":"quem-somos-nos","status":"publish","type":"page","link":"https:\/\/rccdf.org.br\/site\/quem-somos-nos\/","title":{"rendered":"Quem somos n\u00f3s"},"content":{"rendered":"\t\t<div data-elementor-type=\"wp-page\" data-elementor-id=\"187\" class=\"elementor elementor-187\" data-elementor-post-type=\"page\">\n\t\t\t\t\t\t<section class=\"elementor-section elementor-top-section elementor-element elementor-element-41e26f10 elementor-section-content-middle elementor-section-boxed elementor-section-height-default elementor-section-height-default\" data-id=\"41e26f10\" data-element_type=\"section\" data-e-type=\"section\" data-settings=\"{&quot;background_background&quot;:&quot;classic&quot;}\">\n\t\t\t\t\t\t<div class=\"elementor-container elementor-column-gap-no\">\n\t\t\t\t\t<div class=\"elementor-column elementor-col-100 elementor-top-column elementor-element elementor-element-7d0e4453\" data-id=\"7d0e4453\" data-element_type=\"column\" data-e-type=\"column\">\n\t\t\t<div class=\"elementor-widget-wrap elementor-element-populated\">\n\t\t\t\t\t\t<div class=\"elementor-element elementor-element-e56a1dd elementor-cta--skin-classic elementor-animated-content elementor-bg-transform elementor-bg-transform-zoom-in elementor-widget elementor-widget-call-to-action\" data-id=\"e56a1dd\" data-element_type=\"widget\" data-e-type=\"widget\" data-widget_type=\"call-to-action.default\">\n\t\t\t\t<div class=\"elementor-widget-container\">\n\t\t\t\t\t\t\t<div class=\"elementor-cta\">\n\t\t\t\t\t<div class=\"elementor-cta__bg-wrapper\">\n\t\t\t\t<div class=\"elementor-cta__bg elementor-bg\" style=\"background-image: url(https:\/\/rccdf.org.br\/site\/wp-content\/uploads\/2023\/03\/IMG_20230312_111231-scaled.jpg);\" role=\"img\" aria-label=\"Cen\u00e1culo_Mar\/2023\"><\/div>\n\t\t\t\t<div class=\"elementor-cta__bg-overlay\"><\/div>\n\t\t\t<\/div>\n\t\t\t\t\t\t\t\t<\/div>\n\t\t\t\t\t\t<\/div>\n\t\t\t\t<\/div>\n\t\t\t\t<div class=\"elementor-element elementor-element-6bd15eb elementor-widget elementor-widget-heading\" data-id=\"6bd15eb\" data-element_type=\"widget\" data-e-type=\"widget\" data-widget_type=\"heading.default\">\n\t\t\t\t<div class=\"elementor-widget-container\">\n\t\t\t\t\t<h3 class=\"elementor-heading-title elementor-size-default\">Quem Somos N\u00f3s<\/h3>\t\t\t\t<\/div>\n\t\t\t\t<\/div>\n\t\t\t\t<div class=\"elementor-element elementor-element-5b49c882 elementor-widget elementor-widget-text-editor\" data-id=\"5b49c882\" data-element_type=\"widget\" data-e-type=\"widget\" data-widget_type=\"text-editor.default\">\n\t\t\t\t<div class=\"elementor-widget-container\">\n\t\t\t\t\t\t\t\t\t<p>\u201cA corrente de gra\u00e7a\u201d como bem definiu o Papa Francisco, na 37\u00aa Convoca\u00e7\u00e3o da Renova\u00e7\u00e3o na It\u00e1lia, em 2014. Porque nascemos \u201cde um desejo do Esp\u00edrito Santo como uma corrente de gra\u00e7a na Igreja e para a Igreja\u201d, segundo o Santo Padre, e por meio da difus\u00e3o da Cultura de Pentecostes e da gra\u00e7a do batismo no Esp\u00edrito Santo somos chamados a construir a grande Civiliza\u00e7\u00e3o do Amor.<\/p><p>A miss\u00e3o de \u201cfazer disc\u00edpulos de Jesus Cristo, a partir da experi\u00eancia do batismo no Esp\u00edrito Santo\u201d completa, em 2017, 50 anos. Damos gra\u00e7as a Deus Pai, Deus Filho e Deus Esp\u00edrito Santo por tantos dons concedidos ao seu povo. Ser Renova\u00e7\u00e3o Carism\u00e1tica Cat\u00f3lica \u00e9 ser Igreja, \u00e9 reconhecer-se filho de Deus, mas \u00e9 tamb\u00e9m estar a servi\u00e7o do bem comum em conformidade com o Evangelho do Senhor.<\/p><p>Eis-nos aqui, Senhor!<\/p><p>\u00a0<\/p><p>\u201c<em>Descer\u00e1 sobre v\u00f3s o Esp\u00edrito Santo e vos dar\u00e1 for\u00e7a; e sereis minhas testemunhas em Jerusal\u00e9m, em toda Judeia e Samaria e at\u00e9 os confins do mundo<\/em>\u201d. (At 1, 8)<\/p>\t\t\t\t\t\t\t\t<\/div>\n\t\t\t\t<\/div>\n\t\t\t\t\t<\/div>\n\t\t<\/div>\n\t\t\t\t\t<\/div>\n\t\t<\/section>\n\t\t\t\t<\/div>\n\t\t","protected":false},"excerpt":{"rendered":"<p>Quem Somos N\u00f3s \u201cA corrente de gra\u00e7a\u201d como bem definiu o Papa Francisco, na 37\u00aa Convoca\u00e7\u00e3o da Renova\u00e7\u00e3o na It\u00e1lia, em 2014. Porque nascemos \u201cde um desejo do Esp\u00edrito Santo como uma corrente de gra\u00e7a na Igreja e para a Igreja\u201d, segundo o Santo Padre, e por meio da difus\u00e3o da Cultura de Pentecostes e [&hellip;]<\/p>\n","protected":false},"author":1,"featured_media":0,"parent":0,"menu_order":0,"comment_status":"closed","ping_status":"closed","template":"elementor_header_footer","meta":{"footnotes":""},"class_list":["post-187","page","type-page","status-publish","hentry"],"_links":{"self":[{"href":"https:\/\/rccdf.org.br\/site\/wp-json\/wp\/v2\/pages\/187","targetHints":{"allow":["GET"]}}],"collection":[{"href":"https:\/\/rccdf.org.br\/site\/wp-json\/wp\/v2\/pages"}],"about":[{"href":"https:\/\/rccdf.org.br\/site\/wp-json\/wp\/v2\/types\/page"}],"author":[{"embeddable":true,"href":"https:\/\/rccdf.org.br\/site\/wp-json\/wp\/v2\/users\/1"}],"replies":[{"embeddable":true,"href":"https:\/\/rccdf.org.br\/site\/wp-json\/wp\/v2\/comments?post=187"}],"version-history":[{"count":5,"href":"https:\/\/rccdf.org.br\/site\/wp-json\/wp\/v2\/pages\/187\/revisions"}],"predecessor-version":[{"id":196,"href":"https:\/\/rccdf.org.br\/site\/wp-json\/wp\/v2\/pages\/187\/revisions\/196"}],"wp:attachment":[{"href":"https:\/\/rccdf.org.br\/site\/wp-json\/wp\/v2\/media?parent=187"}],"curies":[{"name":"wp","href":"https:\/\/api.w.org\/{rel}","templated":true}]}}